{"id":15815,"date":"2022-12-25T18:46:28","date_gmt":"2022-12-25T21:46:28","guid":{"rendered":"https:\/\/stayfit.com.ar\/?post_type=product&#038;p=15815"},"modified":"2026-05-12T23:59:01","modified_gmt":"2026-05-13T02:59:01","slug":"hydro-plus-endurance","status":"publish","type":"product","link":"https:\/\/stayfit.com.ar\/?product=hydro-plus-endurance","title":{"rendered":"<strong>HYDRO PLUS ENDURANCE 700gr STAR NUTRITION<\/strong>"},"content":{"rendered":"<p>Hydroplus ENDURANCE contiene amino\u00e1cidos BCAA como fuente alternativa de energ\u00eda, son esenciales para la recuperaci\u00f3n muscular y act\u00faan como fuente de reserva energ\u00e9tica coadyuvantes para evitar la fatiga muscular.<br \/>\nCARBO MULTISTAGE COMPLEX:<br \/>\nEs un exclusivo complejo de carbohidratos de liberaci\u00f3n r\u00e1pida, derivados de almidones hidrolizados y glucosa, conjuntamente con fructosa y carbohidratos que act\u00faan como reserva de energ\u00eda para ser utilizados durante los esfuerzos prolongados.<br \/>\nCOMPLEJO DE DEFENSAS:<br \/>\nFusi\u00f3n de antioxidantes que combinados protegen a los m\u00fasculos de los radicales libres producidos durante el ejercicio intenso.<br \/>\n5 ELECTROLITE SOURCE:<br \/>\nCombina las cantidades perfectas de electrolitos que tu cuerpo pierde con el sudor. Los electrolitos controlan el balance de fluidos y son fundamentales para las funciones del sistema nervioso y el coraz\u00f3n.<\/p>\n<p>MODO DE USO:<br \/>\nDisolver 1 medida (35g) de Hydroplus ENDURANCE en 500cm3 de agua fr\u00eda.<br \/>\nConsumir antes y durante la competencia, entre 1 y 2 porciones diarias.<\/p>\n","protected":false},"excerpt":{"rendered":"<p>Suplemento dietario a base de carbohidratos, sales minerales, vitaminas y amino\u00e1cidos.<br \/>\n700 GRAMOS | RINDE 10L | 20 SERV.<\/p>\n","protected":false},"featured_media":15816,"template":"","meta":{"_monsterinsights_skip_tracking":false,"_monsterinsights_sitenote_active":false,"_monsterinsights_sitenote_note":"","_monsterinsights_sitenote_category":0},"product_brand":[],"product_cat":[169,129],"product_tag":[],"class_list":{"0":"post-15815","1":"product","2":"type-product","3":"status-publish","4":"has-post-thumbnail","6":"product_cat-bebidas-isotonicas","7":"product_cat-star-nutrition","9":"first","10":"instock","11":"taxable","12":"shipping-taxable","13":"purchasable","14":"product-type-variable"},"_links":{"self":[{"href":"https:\/\/stayfit.com.ar\/index.php?rest_route=\/wp\/v2\/product\/15815","targetHints":{"allow":["GET"]}}],"collection":[{"href":"https:\/\/stayfit.com.ar\/index.php?rest_route=\/wp\/v2\/product"}],"about":[{"href":"https:\/\/stayfit.com.ar\/index.php?rest_route=\/wp\/v2\/types\/product"}],"wp:featuredmedia":[{"embeddable":true,"href":"https:\/\/stayfit.com.ar\/index.php?rest_route=\/wp\/v2\/media\/15816"}],"wp:attachment":[{"href":"https:\/\/stayfit.com.ar\/index.php?rest_route=%2Fwp%2Fv2%2Fmedia&parent=15815"}],"wp:term":[{"taxonomy":"product_brand","embeddable":true,"href":"https:\/\/stayfit.com.ar\/index.php?rest_route=%2Fwp%2Fv2%2Fproduct_brand&post=15815"},{"taxonomy":"product_cat","embeddable":true,"href":"https:\/\/stayfit.com.ar\/index.php?rest_route=%2Fwp%2Fv2%2Fproduct_cat&post=15815"},{"taxonomy":"product_tag","embeddable":true,"href":"https:\/\/stayfit.com.ar\/index.php?rest_route=%2Fwp%2Fv2%2Fproduct_tag&post=15815"}],"curies":[{"name":"wp","href":"https:\/\/api.w.org\/{rel}","templated":true}]}}