{"id":15817,"date":"2022-12-25T18:49:43","date_gmt":"2022-12-25T21:49:43","guid":{"rendered":"https:\/\/stayfit.com.ar\/?post_type=product&#038;p=15817"},"modified":"2026-03-27T09:22:38","modified_gmt":"2026-03-27T12:22:38","slug":"hydro-plus-recovery","status":"publish","type":"product","link":"https:\/\/stayfit.com.ar\/?product=hydro-plus-recovery","title":{"rendered":"<strong>HYDRO PLUS RECOVERY 700gr STAR NUTRITION<\/strong>"},"content":{"rendered":"<p>Hydroplus RECOVERY contiene todo aquello que necesitas para una \u00f3ptima y r\u00e1pida recuperaci\u00f3n.<br \/>\nSOURCE 6 PROTEIN MATRIX:<br \/>\nCombinaci\u00f3n de prote\u00ednas aisladas y concentradas de suero con un exclusivo mix de amino\u00e1cidos ramificados en forma libre (L-Leucina, L-Valina, L-Isoleucina) adem\u00e1s de L-Glutamina. Pensado para recuperar tus m\u00fasculos inmediatamente despu\u00e9s de los esfuerzos y para poder estar listo para el pr\u00f3ximo turno!.<br \/>\nCARBO MULTISTAGE COMPLEX RECOVERY:<br \/>\nSimilar al de hydroplus endurance, pero pensados para recuperar el gluc\u00f3geno perdido durante el esfuerzo y reabastecer las reservas de energ\u00eda.<br \/>\n5 ELECTROLITE SOURCE:<br \/>\nCombina las cantidades perfectas de electrolitos que tu cuerpo pierde con el sudor. Los electrolitos controlan el balance de fluidos y son fundamentes para las funciones del sistema nervioso y el coraz\u00f3n.<br \/>\nVITAMINAS C y E:<br \/>\nAyudan a prevenir la oxidaci\u00f3n celular y combatir los radicales libres producidos durante la actividad.<\/p>\n<p>MODO DE USO:<br \/>\nDisolver 1 medida (35g) de Hydroplus RECOVERY en 500cm3 de agua fr\u00eda.<br \/>\nConsumir inmediatamente despu\u00e9s del entrenamiento o la competencia.<\/p>\n","protected":false},"excerpt":{"rendered":"<p>Suplemento dietario a base de carbohidratos, sales minerales, vitaminas y amino\u00e1cidos.<br \/>\n700 GRAMOS | RINDE 10L | 20 SERV.<\/p>\n","protected":false},"featured_media":15818,"template":"","meta":{"_monsterinsights_skip_tracking":false,"_monsterinsights_sitenote_active":false,"_monsterinsights_sitenote_note":"","_monsterinsights_sitenote_category":0},"product_brand":[],"product_cat":[169,129],"product_tag":[],"class_list":{"0":"post-15817","1":"product","2":"type-product","3":"status-publish","4":"has-post-thumbnail","6":"product_cat-bebidas-isotonicas","7":"product_cat-star-nutrition","9":"first","10":"instock","11":"taxable","12":"shipping-taxable","13":"product-type-variable"},"_links":{"self":[{"href":"https:\/\/stayfit.com.ar\/index.php?rest_route=\/wp\/v2\/product\/15817","targetHints":{"allow":["GET"]}}],"collection":[{"href":"https:\/\/stayfit.com.ar\/index.php?rest_route=\/wp\/v2\/product"}],"about":[{"href":"https:\/\/stayfit.com.ar\/index.php?rest_route=\/wp\/v2\/types\/product"}],"wp:featuredmedia":[{"embeddable":true,"href":"https:\/\/stayfit.com.ar\/index.php?rest_route=\/wp\/v2\/media\/15818"}],"wp:attachment":[{"href":"https:\/\/stayfit.com.ar\/index.php?rest_route=%2Fwp%2Fv2%2Fmedia&parent=15817"}],"wp:term":[{"taxonomy":"product_brand","embeddable":true,"href":"https:\/\/stayfit.com.ar\/index.php?rest_route=%2Fwp%2Fv2%2Fproduct_brand&post=15817"},{"taxonomy":"product_cat","embeddable":true,"href":"https:\/\/stayfit.com.ar\/index.php?rest_route=%2Fwp%2Fv2%2Fproduct_cat&post=15817"},{"taxonomy":"product_tag","embeddable":true,"href":"https:\/\/stayfit.com.ar\/index.php?rest_route=%2Fwp%2Fv2%2Fproduct_tag&post=15817"}],"curies":[{"name":"wp","href":"https:\/\/api.w.org\/{rel}","templated":true}]}}