{"id":15824,"date":"2022-12-25T19:12:31","date_gmt":"2022-12-25T22:12:31","guid":{"rendered":"https:\/\/stayfit.com.ar\/?post_type=product&#038;p=15824"},"modified":"2025-11-24T18:15:10","modified_gmt":"2025-11-24T21:15:10","slug":"iron-full-recovery-500gr","status":"publish","type":"product","link":"https:\/\/stayfit.com.ar\/?product=iron-full-recovery-500gr","title":{"rendered":"IRON FULL RECOVERY 500gr GENTECH"},"content":{"rendered":"<p>Con el Suplemento Nutricional Iron Full Recovery, vas a obtener una r\u00e1pida recuperaci\u00f3n evitando la p\u00e9rdida de masa muscular. Es una f\u00f3rmula imprescindible para la recuperaci\u00f3n f\u00edsica luego de un per\u00edodo de estr\u00e9s muscular caracter\u00edstico de los entrenamientos extenuantes.<\/p>\n<p>MODO DE USO:<br \/>\n1\u00a0medida\u00a0(50g) en 250\/300 cc de agua.<br \/>\nSabor: Frutos del Bosque.<\/p>\n","protected":false},"excerpt":{"rendered":"<p>Suplemento dietario a base de carbohidratos, sales minerales, vitaminas y amino\u00e1cidos.<\/p>\n","protected":false},"featured_media":15825,"template":"","meta":{"_monsterinsights_skip_tracking":false,"_monsterinsights_sitenote_active":false,"_monsterinsights_sitenote_note":"","_monsterinsights_sitenote_category":0},"product_brand":[],"product_cat":[169,147],"product_tag":[],"class_list":{"0":"post-15824","1":"product","2":"type-product","3":"status-publish","4":"has-post-thumbnail","6":"product_cat-bebidas-isotonicas","7":"product_cat-gentech","9":"first","10":"instock","11":"taxable","12":"shipping-taxable","13":"product-type-simple"},"_links":{"self":[{"href":"https:\/\/stayfit.com.ar\/index.php?rest_route=\/wp\/v2\/product\/15824","targetHints":{"allow":["GET"]}}],"collection":[{"href":"https:\/\/stayfit.com.ar\/index.php?rest_route=\/wp\/v2\/product"}],"about":[{"href":"https:\/\/stayfit.com.ar\/index.php?rest_route=\/wp\/v2\/types\/product"}],"wp:featuredmedia":[{"embeddable":true,"href":"https:\/\/stayfit.com.ar\/index.php?rest_route=\/wp\/v2\/media\/15825"}],"wp:attachment":[{"href":"https:\/\/stayfit.com.ar\/index.php?rest_route=%2Fwp%2Fv2%2Fmedia&parent=15824"}],"wp:term":[{"taxonomy":"product_brand","embeddable":true,"href":"https:\/\/stayfit.com.ar\/index.php?rest_route=%2Fwp%2Fv2%2Fproduct_brand&post=15824"},{"taxonomy":"product_cat","embeddable":true,"href":"https:\/\/stayfit.com.ar\/index.php?rest_route=%2Fwp%2Fv2%2Fproduct_cat&post=15824"},{"taxonomy":"product_tag","embeddable":true,"href":"https:\/\/stayfit.com.ar\/index.php?rest_route=%2Fwp%2Fv2%2Fproduct_tag&post=15824"}],"curies":[{"name":"wp","href":"https:\/\/api.w.org\/{rel}","templated":true}]}}