{"id":15828,"date":"2022-12-25T19:44:41","date_gmt":"2022-12-25T22:44:41","guid":{"rendered":"https:\/\/stayfit.com.ar\/?post_type=product&#038;p=15828"},"modified":"2025-11-24T18:15:10","modified_gmt":"2025-11-24T21:15:10","slug":"l-carnitina-liquid-500ml","status":"publish","type":"product","link":"https:\/\/stayfit.com.ar\/?product=l-carnitina-liquid-500ml","title":{"rendered":"L- CARNITINA LIQUID 500ml GENTECH"},"content":{"rendered":"<p>DESCRIPCION:<br \/>\nMejora la oxidaci\u00f3n de los \u00e1cidos grasos. Incrementa los niveles de VO2 MAX y disminuye la acumulaci\u00f3n de lactato en plasma durante el ejercicio. Su presentaci\u00f3n en c\u00e1psulas facilita su absorci\u00f3n y consumo.<br \/>\nIngredientes: L-Carnitina tartrate, antihumectantes (di\u00f3xido de silicio, magnesio estearato, calcio trib\u00e1sico anhidro fosfato).<br \/>\nMODO DE USO:<br \/>\nEs importante saber que cada\u00a0suplemento\u00a0para que funcione y haga su labor correctamente, debe estar acompa\u00f1ado siempre por ejercicio f\u00edsico y una dieta saludable. Por ello toda persona que lo est\u00e1 usando deber\u00eda mantenga un plan alimenticio bien guiado, para que al finalizar el uso del producto siga comiendo de forma adecuada, es decir, el consumo de los suplementos est\u00e1 perfectamente idealizado para un cambio de h\u00e1bito alimenticio, no s\u00f3lo para un intervalo de tiempo.<\/p>\n","protected":false},"excerpt":{"rendered":"<p>CARNITINA L\u00cdQUIDA La L-carnitina es un amino\u00e1cido transportador del\u00a0 azucar y las grasas de la mitocondria donde se realiza el ciclo de krebs produciendo ATP, esto acelera la oxidaci\u00f3n de los \u00e1cidos grasos y los glucidos favoreciendo su eliminaci\u00f3n de utilizarlas como combustible obteniendo mejoras en el rendimiento y recuperaci\u00f3n tras el ejercicio.<\/p>\n","protected":false},"featured_media":15829,"template":"","meta":{"_monsterinsights_skip_tracking":false,"_monsterinsights_sitenote_active":false,"_monsterinsights_sitenote_note":"","_monsterinsights_sitenote_category":0},"product_brand":[],"product_cat":[151,147],"product_tag":[],"class_list":{"0":"post-15828","1":"product","2":"type-product","3":"status-publish","4":"has-post-thumbnail","6":"product_cat-carnitinas","7":"product_cat-gentech","9":"first","10":"instock","11":"taxable","12":"shipping-taxable","13":"product-type-simple"},"_links":{"self":[{"href":"https:\/\/stayfit.com.ar\/index.php?rest_route=\/wp\/v2\/product\/15828","targetHints":{"allow":["GET"]}}],"collection":[{"href":"https:\/\/stayfit.com.ar\/index.php?rest_route=\/wp\/v2\/product"}],"about":[{"href":"https:\/\/stayfit.com.ar\/index.php?rest_route=\/wp\/v2\/types\/product"}],"wp:featuredmedia":[{"embeddable":true,"href":"https:\/\/stayfit.com.ar\/index.php?rest_route=\/wp\/v2\/media\/15829"}],"wp:attachment":[{"href":"https:\/\/stayfit.com.ar\/index.php?rest_route=%2Fwp%2Fv2%2Fmedia&parent=15828"}],"wp:term":[{"taxonomy":"product_brand","embeddable":true,"href":"https:\/\/stayfit.com.ar\/index.php?rest_route=%2Fwp%2Fv2%2Fproduct_brand&post=15828"},{"taxonomy":"product_cat","embeddable":true,"href":"https:\/\/stayfit.com.ar\/index.php?rest_route=%2Fwp%2Fv2%2Fproduct_cat&post=15828"},{"taxonomy":"product_tag","embeddable":true,"href":"https:\/\/stayfit.com.ar\/index.php?rest_route=%2Fwp%2Fv2%2Fproduct_tag&post=15828"}],"curies":[{"name":"wp","href":"https:\/\/api.w.org\/{rel}","templated":true}]}}