{"id":15830,"date":"2022-12-25T19:52:07","date_gmt":"2022-12-25T22:52:07","guid":{"rendered":"https:\/\/stayfit.com.ar\/?post_type=product&#038;p=15830"},"modified":"2026-03-27T09:22:30","modified_gmt":"2026-03-27T12:22:30","slug":"steam-n-o-312gr","status":"publish","type":"product","link":"https:\/\/stayfit.com.ar\/?product=steam-n-o-312gr","title":{"rendered":"STEAM N.O 312gr STAR NUTRITION"},"content":{"rendered":"<p>DESCRIPCION:<br \/>\nEl \u00f3xido n\u00edtrico es un compuesto muy importante para la fisiolog\u00eda de nuestro organismo. Act\u00faa como vasodilatador haciendo que la sangre circule a mayor velocidad, aumentando as\u00ed el aporte de ox\u00edgeno y de nutrientes a los m\u00fasculos. Esto permite mejorar el rendimiento durante el entrenamiento, la recuperaci\u00f3n del m\u00fasculo y el aumento de su capacidad de crecimiento.<br \/>\nMODO DE USO:<br \/>\nDiluir 1 medida (15,6 gr = 3 cucharadas de t\u00e9 colmadas) en un Shaker Star Nutrition con 500 cm3 de agua, consumir 30 minutos antes de su entrenamiento o como lo indique su m\u00e9dico.<br \/>\nPara mejores resultados de consumo en conjunto con 1 medida de Pump 3D.<\/p>\n","protected":false},"excerpt":{"rendered":"<p>Suplemento diet\u00e9tico a base de L-Arginina AKG, L-Citrulina Malato, L-Ornitina AKG y L-Citrulina SABOR BLUE RAZZ.<br \/>\n312 G |\u00a020 SERVICIOS\u00a0|\u00a0VASODILATADOR |\u00a0ULTRACONCENTRADO<\/p>\n","protected":false},"featured_media":22005,"template":"","meta":{"_monsterinsights_skip_tracking":false,"_monsterinsights_sitenote_active":false,"_monsterinsights_sitenote_note":"","_monsterinsights_sitenote_category":0},"product_brand":[],"product_cat":[156,129],"product_tag":[],"class_list":{"0":"post-15830","1":"product","2":"type-product","3":"status-publish","4":"has-post-thumbnail","6":"product_cat-oxidos-nitricos","7":"product_cat-star-nutrition","9":"first","10":"instock","11":"taxable","12":"shipping-taxable","13":"product-type-simple"},"_links":{"self":[{"href":"https:\/\/stayfit.com.ar\/index.php?rest_route=\/wp\/v2\/product\/15830","targetHints":{"allow":["GET"]}}],"collection":[{"href":"https:\/\/stayfit.com.ar\/index.php?rest_route=\/wp\/v2\/product"}],"about":[{"href":"https:\/\/stayfit.com.ar\/index.php?rest_route=\/wp\/v2\/types\/product"}],"wp:featuredmedia":[{"embeddable":true,"href":"https:\/\/stayfit.com.ar\/index.php?rest_route=\/wp\/v2\/media\/22005"}],"wp:attachment":[{"href":"https:\/\/stayfit.com.ar\/index.php?rest_route=%2Fwp%2Fv2%2Fmedia&parent=15830"}],"wp:term":[{"taxonomy":"product_brand","embeddable":true,"href":"https:\/\/stayfit.com.ar\/index.php?rest_route=%2Fwp%2Fv2%2Fproduct_brand&post=15830"},{"taxonomy":"product_cat","embeddable":true,"href":"https:\/\/stayfit.com.ar\/index.php?rest_route=%2Fwp%2Fv2%2Fproduct_cat&post=15830"},{"taxonomy":"product_tag","embeddable":true,"href":"https:\/\/stayfit.com.ar\/index.php?rest_route=%2Fwp%2Fv2%2Fproduct_tag&post=15830"}],"curies":[{"name":"wp","href":"https:\/\/api.w.org\/{rel}","templated":true}]}}