{"id":15834,"date":"2022-12-25T20:07:20","date_gmt":"2022-12-25T23:07:20","guid":{"rendered":"https:\/\/stayfit.com.ar\/?post_type=product&#038;p=15834"},"modified":"2025-09-21T22:45:19","modified_gmt":"2025-09-22T01:45:19","slug":"nitrox-180caps-copy","status":"publish","type":"product","link":"https:\/\/stayfit.com.ar\/?product=nitrox-180caps-copy","title":{"rendered":"<strong>NITRIX BOMB 180caps BODY ADVANCE<\/strong>"},"content":{"rendered":"<p>DESCRIPCION:<br \/>\n\u00a0Su uso a largo plazo colabora con el desarrollo de la masa muscular. Tambi\u00e9n contribuye a aumentar la capacidad de llegada de nutrientes al musculo ya qu\u00e9 hay mejor irrigaci\u00f3n debido a la mayor vasodilataci\u00f3n. Al tomar Beta alanina, aumentan los niveles de carnosina, lo que provoca el aumento del rendimiento f\u00edsico.<br \/>\nMODO DE USO:<\/p>\n<p>\u00a02 comprimidos por d\u00eda junto al desayuno y el almuerzo. Los d\u00edas en los que se realiza actividad f\u00edsica, consumir una de las tomas junto a la comida pre- entreno<\/p>\n","protected":false},"excerpt":{"rendered":"<p>Suplemento dietario a base de arginina alpha-ketoglutarato, ornitina alpha-ketoglutarato, l-arginina, niacina y biotina.<br \/>\n90 COMP. | 3000MG COMPLEJO N.O. X SERV.<\/p>\n","protected":false},"featured_media":15836,"template":"","meta":{"_monsterinsights_skip_tracking":false,"_monsterinsights_sitenote_active":false,"_monsterinsights_sitenote_note":"","_monsterinsights_sitenote_category":0},"product_brand":[],"product_cat":[126,156],"product_tag":[],"class_list":{"0":"post-15834","1":"product","2":"type-product","3":"status-publish","4":"has-post-thumbnail","6":"product_cat-body-advance","7":"product_cat-oxidos-nitricos","9":"first","10":"instock","11":"taxable","12":"shipping-taxable","13":"purchasable","14":"product-type-simple"},"_links":{"self":[{"href":"https:\/\/stayfit.com.ar\/index.php?rest_route=\/wp\/v2\/product\/15834","targetHints":{"allow":["GET"]}}],"collection":[{"href":"https:\/\/stayfit.com.ar\/index.php?rest_route=\/wp\/v2\/product"}],"about":[{"href":"https:\/\/stayfit.com.ar\/index.php?rest_route=\/wp\/v2\/types\/product"}],"wp:featuredmedia":[{"embeddable":true,"href":"https:\/\/stayfit.com.ar\/index.php?rest_route=\/wp\/v2\/media\/15836"}],"wp:attachment":[{"href":"https:\/\/stayfit.com.ar\/index.php?rest_route=%2Fwp%2Fv2%2Fmedia&parent=15834"}],"wp:term":[{"taxonomy":"product_brand","embeddable":true,"href":"https:\/\/stayfit.com.ar\/index.php?rest_route=%2Fwp%2Fv2%2Fproduct_brand&post=15834"},{"taxonomy":"product_cat","embeddable":true,"href":"https:\/\/stayfit.com.ar\/index.php?rest_route=%2Fwp%2Fv2%2Fproduct_cat&post=15834"},{"taxonomy":"product_tag","embeddable":true,"href":"https:\/\/stayfit.com.ar\/index.php?rest_route=%2Fwp%2Fv2%2Fproduct_tag&post=15834"}],"curies":[{"name":"wp","href":"https:\/\/api.w.org\/{rel}","templated":true}]}}