{"id":15839,"date":"2022-12-25T20:37:24","date_gmt":"2022-12-25T23:37:24","guid":{"rendered":"https:\/\/stayfit.com.ar\/?post_type=product&#038;p=15839"},"modified":"2025-11-24T14:48:05","modified_gmt":"2025-11-24T17:48:05","slug":"zma-90caps","status":"publish","type":"product","link":"https:\/\/stayfit.com.ar\/?product=zma-90caps","title":{"rendered":"<strong>ZMA 90caps BODY ADVANCE<\/strong>"},"content":{"rendered":"<p>DESCRIPCION:<br \/>\n\u00a0El ZMA es un suplemento cuya f\u00f3rmula combina, zinc, magnesio y vitamina B6.<br \/>\nGracias a que genera un aumento de la testosterona libre y la fuerza muscular, se convierte en la perfecta soluci\u00f3n para los atletas y culturistas que desean mejorar su rendimiento de forma natural. Los suplementos de ZMA ofrecen una mejor recuperaci\u00f3n muscular, m\u00e1s fuerza y tama\u00f1o, baja de grasa corporal y un mejor descanso.<br \/>\nMODO DE USO:<\/p>\n<p>\u00a02 comprimidos por d\u00eda junto al desayuno y el almuerzo. Los d\u00edas en los que se realiza actividad f\u00edsica, consumir una de las tomas junto a la comida pre- entreno<\/p>\n","protected":false},"excerpt":{"rendered":"<p>Suplemento diet\u00e9tico a base de Zinc Monometionina Aspartato, Magnesio Aspartato y Vitamina B6.<br \/>\n90 C\u00c1PSULAS\u00a0<br \/>\nAUMENTA LA FUERZA Y LA POTENCIA MUSCULAR<\/p>\n","protected":false},"featured_media":15840,"template":"","meta":{"_monsterinsights_skip_tracking":false,"_monsterinsights_sitenote_active":false,"_monsterinsights_sitenote_note":"","_monsterinsights_sitenote_category":0},"product_brand":[],"product_cat":[126,157],"product_tag":[],"class_list":{"0":"post-15839","1":"product","2":"type-product","3":"status-publish","4":"has-post-thumbnail","6":"product_cat-body-advance","7":"product_cat-pro-hormonales","9":"first","10":"instock","11":"taxable","12":"shipping-taxable","13":"purchasable","14":"product-type-simple"},"_links":{"self":[{"href":"https:\/\/stayfit.com.ar\/index.php?rest_route=\/wp\/v2\/product\/15839","targetHints":{"allow":["GET"]}}],"collection":[{"href":"https:\/\/stayfit.com.ar\/index.php?rest_route=\/wp\/v2\/product"}],"about":[{"href":"https:\/\/stayfit.com.ar\/index.php?rest_route=\/wp\/v2\/types\/product"}],"wp:featuredmedia":[{"embeddable":true,"href":"https:\/\/stayfit.com.ar\/index.php?rest_route=\/wp\/v2\/media\/15840"}],"wp:attachment":[{"href":"https:\/\/stayfit.com.ar\/index.php?rest_route=%2Fwp%2Fv2%2Fmedia&parent=15839"}],"wp:term":[{"taxonomy":"product_brand","embeddable":true,"href":"https:\/\/stayfit.com.ar\/index.php?rest_route=%2Fwp%2Fv2%2Fproduct_brand&post=15839"},{"taxonomy":"product_cat","embeddable":true,"href":"https:\/\/stayfit.com.ar\/index.php?rest_route=%2Fwp%2Fv2%2Fproduct_cat&post=15839"},{"taxonomy":"product_tag","embeddable":true,"href":"https:\/\/stayfit.com.ar\/index.php?rest_route=%2Fwp%2Fv2%2Fproduct_tag&post=15839"}],"curies":[{"name":"wp","href":"https:\/\/api.w.org\/{rel}","templated":true}]}}