{"id":15841,"date":"2022-12-25T20:42:44","date_gmt":"2022-12-25T23:42:44","guid":{"rendered":"https:\/\/stayfit.com.ar\/?post_type=product&#038;p=15841"},"modified":"2025-11-24T14:47:19","modified_gmt":"2025-11-24T17:47:19","slug":"colageno-300gr","status":"publish","type":"product","link":"https:\/\/stayfit.com.ar\/?product=colageno-300gr","title":{"rendered":"<strong>COLAGENO 300gr BODY ADVANCE<\/strong>"},"content":{"rendered":"<p>DESCRIPCION:<br \/>\nEl col\u00e1geno es una prote\u00edna que representa alrededor del 25% de la prote\u00edna total del cuerpo humano, y su principal funci\u00f3n es mantener y aportar resistencia y elasticidad a los tejidos. Es importante en el organismo ya que mantiene la tonicidad de las fibras de la piel, fortalece las u\u00f1as, el cabello, los huesos y las articulaciones.<br \/>\nMODO DE USO:<br \/>\n\u00a0Dos cucharas al ras (14 g) de una a dos veces por d\u00eda, seg\u00fan requerimientos.<\/p>\n","protected":false},"excerpt":{"rendered":"<p>COLLAGEN contiene por dosis 10 g de col\u00e1geno hidrolizado, 500 mg de vitamina C, magn\u00e9sio, c\u00farcuma y \u00e1cido hialur\u00f3nico.<\/p>\n","protected":false},"featured_media":15842,"template":"","meta":{"_monsterinsights_skip_tracking":false,"_monsterinsights_sitenote_active":false,"_monsterinsights_sitenote_note":"","_monsterinsights_sitenote_category":0},"product_brand":[],"product_cat":[126,158],"product_tag":[],"class_list":{"0":"post-15841","1":"product","2":"type-product","3":"status-publish","4":"has-post-thumbnail","6":"product_cat-body-advance","7":"product_cat-colagenos","9":"first","10":"instock","11":"taxable","12":"shipping-taxable","13":"purchasable","14":"product-type-simple"},"_links":{"self":[{"href":"https:\/\/stayfit.com.ar\/index.php?rest_route=\/wp\/v2\/product\/15841","targetHints":{"allow":["GET"]}}],"collection":[{"href":"https:\/\/stayfit.com.ar\/index.php?rest_route=\/wp\/v2\/product"}],"about":[{"href":"https:\/\/stayfit.com.ar\/index.php?rest_route=\/wp\/v2\/types\/product"}],"wp:featuredmedia":[{"embeddable":true,"href":"https:\/\/stayfit.com.ar\/index.php?rest_route=\/wp\/v2\/media\/15842"}],"wp:attachment":[{"href":"https:\/\/stayfit.com.ar\/index.php?rest_route=%2Fwp%2Fv2%2Fmedia&parent=15841"}],"wp:term":[{"taxonomy":"product_brand","embeddable":true,"href":"https:\/\/stayfit.com.ar\/index.php?rest_route=%2Fwp%2Fv2%2Fproduct_brand&post=15841"},{"taxonomy":"product_cat","embeddable":true,"href":"https:\/\/stayfit.com.ar\/index.php?rest_route=%2Fwp%2Fv2%2Fproduct_cat&post=15841"},{"taxonomy":"product_tag","embeddable":true,"href":"https:\/\/stayfit.com.ar\/index.php?rest_route=%2Fwp%2Fv2%2Fproduct_tag&post=15841"}],"curies":[{"name":"wp","href":"https:\/\/api.w.org\/{rel}","templated":true}]}}