{"id":15857,"date":"2022-12-25T21:24:01","date_gmt":"2022-12-26T00:24:01","guid":{"rendered":"https:\/\/stayfit.com.ar\/?post_type=product&#038;p=15857"},"modified":"2026-04-11T15:51:30","modified_gmt":"2026-04-11T18:51:30","slug":"b-complex-60caps","status":"publish","type":"product","link":"https:\/\/stayfit.com.ar\/?product=b-complex-60caps","title":{"rendered":"B COMPLEX 60caps GOLD NUTRITION"},"content":{"rendered":"<p>DESCRIPCION:<br \/>\nes un compuesto de 6 vitaminas\u00a0 del grupo B que trabajan en forma sin\u00e9rgica en la producci\u00f3n de energ\u00eda.<br \/>\nLa sensaci\u00f3n de fatiga, cansancio, sobre-entrenamiento desaparece,\u00a0aportando\u00a0el equilibrio a nivel de micronutrientes que el cuerpo necesita.<br \/>\nAyuda a combatir el desgaste f\u00edsico y mental ocasionado por el ejercicio intenso, la rutina diaria y el estr\u00e9s.<br \/>\nUn producto\u00a0apto para vegetarianos\u00a0y no contiene gluten ni lactosa en su composici\u00f3n.<br \/>\nMODO DE USO:<\/p>\n<p>Se recomienda consumir 2 c\u00e1psulas (1 porci\u00f3n) de B-Complex Gold por d\u00eda, preferentemente por la ma\u00f1ana, acompa\u00f1ado de un vaso con agua.<\/p>\n","protected":false},"excerpt":{"rendered":"<p>PRESENTACI\u00d3N: En c\u00e1psulas, (60 caps.)<br \/>\nBENEFICIOS:<br \/>\n\u25ba Contribuye a cubrir los requerimientos de vitaminas del grupo B en deportistas<br \/>\n\u25ba\u00a0Contribuye al metabolismo energ\u00e9tico normal y ayuda a regular los niveles de glucosa en sangre.<br \/>\n\u25ba\u00a0Favorece el funcionamiento normal del sistema nervioso y del sistema inmunitario.<br \/>\n\u25ba\u00a0Ayuda a disminuir el cansancio y la fatiga.<\/p>\n","protected":false},"featured_media":15858,"template":"","meta":{"_monsterinsights_skip_tracking":false,"_monsterinsights_sitenote_active":false,"_monsterinsights_sitenote_note":"","_monsterinsights_sitenote_category":0},"product_brand":[],"product_cat":[141,171],"product_tag":[],"class_list":{"0":"post-15857","1":"product","2":"type-product","3":"status-publish","4":"has-post-thumbnail","6":"product_cat-gold-nutrition","7":"product_cat-vitaminas","9":"first","10":"instock","11":"taxable","12":"shipping-taxable","13":"purchasable","14":"product-type-simple"},"_links":{"self":[{"href":"https:\/\/stayfit.com.ar\/index.php?rest_route=\/wp\/v2\/product\/15857","targetHints":{"allow":["GET"]}}],"collection":[{"href":"https:\/\/stayfit.com.ar\/index.php?rest_route=\/wp\/v2\/product"}],"about":[{"href":"https:\/\/stayfit.com.ar\/index.php?rest_route=\/wp\/v2\/types\/product"}],"wp:featuredmedia":[{"embeddable":true,"href":"https:\/\/stayfit.com.ar\/index.php?rest_route=\/wp\/v2\/media\/15858"}],"wp:attachment":[{"href":"https:\/\/stayfit.com.ar\/index.php?rest_route=%2Fwp%2Fv2%2Fmedia&parent=15857"}],"wp:term":[{"taxonomy":"product_brand","embeddable":true,"href":"https:\/\/stayfit.com.ar\/index.php?rest_route=%2Fwp%2Fv2%2Fproduct_brand&post=15857"},{"taxonomy":"product_cat","embeddable":true,"href":"https:\/\/stayfit.com.ar\/index.php?rest_route=%2Fwp%2Fv2%2Fproduct_cat&post=15857"},{"taxonomy":"product_tag","embeddable":true,"href":"https:\/\/stayfit.com.ar\/index.php?rest_route=%2Fwp%2Fv2%2Fproduct_tag&post=15857"}],"curies":[{"name":"wp","href":"https:\/\/api.w.org\/{rel}","templated":true}]}}