{"id":15864,"date":"2022-12-25T23:20:16","date_gmt":"2022-12-26T02:20:16","guid":{"rendered":"https:\/\/stayfit.com.ar\/?post_type=product&#038;p=15864"},"modified":"2026-04-10T00:00:18","modified_gmt":"2026-04-10T03:00:18","slug":"omega-3-1000mg","status":"publish","type":"product","link":"https:\/\/stayfit.com.ar\/?product=omega-3-1000mg","title":{"rendered":"OMEGA 3 1000mg LANDERFIT"},"content":{"rendered":"<p>DESCRIPCION:<br \/>\nEl\u00a0Omega 3\u00a0de\u00a0Landerfit\u00a0con aceite de pescado IFOS el cual se encuentra libre de metales pesados. Se trata de grasas poliinsaturadas clasificada como \u00e1cido graso esencial, lo que significa que debemos consumirlo a trav\u00e9s de la alimentaci\u00f3n porque el organismo no puede producirlo por s\u00ed mismo.<br \/>\nMODO DE USO:<\/p>\n<p>2 capsulas por d\u00eda tomar con mucha agua<\/p>\n","protected":false},"excerpt":{"rendered":"<ul>\n<li>Cardio protectora<\/li>\n<li>Antidepresivo<\/li>\n<li>Da saciedad por lo que ayuda a la p\u00e9rdida de peso<\/li>\n<li>Mejora la resistencia a la insulina<\/li>\n<li>Antiinflamatorio sist\u00e9mico<\/li>\n<\/ul>\n<p>&nbsp;<\/p>\n","protected":false},"featured_media":15865,"template":"","meta":{"_monsterinsights_skip_tracking":false,"_monsterinsights_sitenote_active":false,"_monsterinsights_sitenote_note":"","_monsterinsights_sitenote_category":0},"product_brand":[],"product_cat":[174,186],"product_tag":[],"class_list":{"0":"post-15864","1":"product","2":"type-product","3":"status-publish","4":"has-post-thumbnail","6":"product_cat-omega-3","7":"product_cat-importados","9":"first","10":"instock","11":"taxable","12":"shipping-taxable","13":"purchasable","14":"product-type-simple"},"_links":{"self":[{"href":"https:\/\/stayfit.com.ar\/index.php?rest_route=\/wp\/v2\/product\/15864","targetHints":{"allow":["GET"]}}],"collection":[{"href":"https:\/\/stayfit.com.ar\/index.php?rest_route=\/wp\/v2\/product"}],"about":[{"href":"https:\/\/stayfit.com.ar\/index.php?rest_route=\/wp\/v2\/types\/product"}],"wp:featuredmedia":[{"embeddable":true,"href":"https:\/\/stayfit.com.ar\/index.php?rest_route=\/wp\/v2\/media\/15865"}],"wp:attachment":[{"href":"https:\/\/stayfit.com.ar\/index.php?rest_route=%2Fwp%2Fv2%2Fmedia&parent=15864"}],"wp:term":[{"taxonomy":"product_brand","embeddable":true,"href":"https:\/\/stayfit.com.ar\/index.php?rest_route=%2Fwp%2Fv2%2Fproduct_brand&post=15864"},{"taxonomy":"product_cat","embeddable":true,"href":"https:\/\/stayfit.com.ar\/index.php?rest_route=%2Fwp%2Fv2%2Fproduct_cat&post=15864"},{"taxonomy":"product_tag","embeddable":true,"href":"https:\/\/stayfit.com.ar\/index.php?rest_route=%2Fwp%2Fv2%2Fproduct_tag&post=15864"}],"curies":[{"name":"wp","href":"https:\/\/api.w.org\/{rel}","templated":true}]}}