{"id":15866,"date":"2022-12-25T23:28:00","date_gmt":"2022-12-26T02:28:00","guid":{"rendered":"https:\/\/stayfit.com.ar\/?post_type=product&#038;p=15866"},"modified":"2026-03-27T09:22:30","modified_gmt":"2026-03-27T12:22:30","slug":"fish-oil-60-caps","status":"publish","type":"product","link":"https:\/\/stayfit.com.ar\/?product=fish-oil-60-caps","title":{"rendered":"OMEGA 3 FISH OIL 60caps STAR NUTRITION"},"content":{"rendered":"<p>DESCRIPCION:<br \/>\nLas grasas saludables que ofrece este suplemento desempe\u00f1an un papel importante en la funci\u00f3n del cerebro, el coraz\u00f3n y el sistema inmunol\u00f3gico, la salud de las articulaciones, la s\u00edntesis de hormonas naturales y el mantenimiento del sistema nervioso.<br \/>\nAdem\u00e1s, apoya la s\u00edntesis de hormonas que favorece el crecimiento de la masa muscular y ayuda a quemar la grasa corporal mejorando la definici\u00f3n muscular.<br \/>\nMODO DE USO:<\/p>\n<p>2 capsulas por d\u00eda tomar con mucha agua<\/p>\n","protected":false},"excerpt":{"rendered":"<p>Omega 3 Fish Oil es un suplemento alimenticio que contiene aceites Omega 3, EPA y DHA ultra concentrado destilados molecularmente. Este es un aceite puro y saludable, de fuentes de pescado de alta calidad. EPA 300 mg y DHA 400 mg.<br \/>\ncontiene 60 capsulas blandas<\/p>\n","protected":false},"featured_media":43693,"template":"","meta":{"_monsterinsights_skip_tracking":false,"_monsterinsights_sitenote_active":false,"_monsterinsights_sitenote_note":"","_monsterinsights_sitenote_category":0},"product_brand":[],"product_cat":[174,129],"product_tag":[],"class_list":{"0":"post-15866","1":"product","2":"type-product","3":"status-publish","4":"has-post-thumbnail","6":"product_cat-omega-3","7":"product_cat-star-nutrition","9":"first","10":"instock","11":"taxable","12":"shipping-taxable","13":"purchasable","14":"product-type-simple"},"_links":{"self":[{"href":"https:\/\/stayfit.com.ar\/index.php?rest_route=\/wp\/v2\/product\/15866","targetHints":{"allow":["GET"]}}],"collection":[{"href":"https:\/\/stayfit.com.ar\/index.php?rest_route=\/wp\/v2\/product"}],"about":[{"href":"https:\/\/stayfit.com.ar\/index.php?rest_route=\/wp\/v2\/types\/product"}],"wp:featuredmedia":[{"embeddable":true,"href":"https:\/\/stayfit.com.ar\/index.php?rest_route=\/wp\/v2\/media\/43693"}],"wp:attachment":[{"href":"https:\/\/stayfit.com.ar\/index.php?rest_route=%2Fwp%2Fv2%2Fmedia&parent=15866"}],"wp:term":[{"taxonomy":"product_brand","embeddable":true,"href":"https:\/\/stayfit.com.ar\/index.php?rest_route=%2Fwp%2Fv2%2Fproduct_brand&post=15866"},{"taxonomy":"product_cat","embeddable":true,"href":"https:\/\/stayfit.com.ar\/index.php?rest_route=%2Fwp%2Fv2%2Fproduct_cat&post=15866"},{"taxonomy":"product_tag","embeddable":true,"href":"https:\/\/stayfit.com.ar\/index.php?rest_route=%2Fwp%2Fv2%2Fproduct_tag&post=15866"}],"curies":[{"name":"wp","href":"https:\/\/api.w.org\/{rel}","templated":true}]}}