{"id":16060,"date":"2023-01-10T17:26:20","date_gmt":"2023-01-10T20:26:20","guid":{"rendered":"https:\/\/stayfit.com.ar\/?post_type=product&#038;p=16060"},"modified":"2025-10-11T10:36:05","modified_gmt":"2025-10-11T13:36:05","slug":"o-n-gold-standar-2268gr","status":"publish","type":"product","link":"https:\/\/stayfit.com.ar\/?product=o-n-gold-standar-2268gr","title":{"rendered":"GOLD STANDARD 2268gr ON"},"content":{"rendered":"<p>DESCRIPCION: Cada porci\u00f3n de la prote\u00edna de suero de leche en polvo m\u00e1s vendida en el mundo proporciona 24 gramos de prote\u00edna de suero de leche de alta calidad, principalmente de Whey Protein Isolate, al que se le ha &#8220;aislado&#8221; el exceso de carbohidratos, grasas y lactosa mediante sofisticadas tecnolog\u00edas de filtrado.\u00a0El polvo tambi\u00e9n est\u00e1 instant\u00e1neo para mezclarlo f\u00e1cilmente con solo un vaso y una cuchara.\u00a0Con m\u00e1s de 20 sabores diferentes, incluidas opciones con sabores naturales, no hay duda de que esta es la prote\u00edna de suero 100 % Gold Standard de Optimum Nutrition.<br \/>\nMODO DE USO:<br \/>\nMezcle aproximadamente una cucharada del polvo en 6 a 8 onzas l\u00edquidas de agua fr\u00eda, leche u otra bebida.\u00a0Revuelva, agite o mezcle hasta que se disuelva.\u00a0Para obtener los mejores resultados, mezcle su batido de 30 a 60 minutos despu\u00e9s de su entrenamiento o util\u00edcelo como refrigerio en cualquier momento en su dieta balanceada.<\/p>\n","protected":false},"excerpt":{"rendered":"<p>Suplemento diet\u00e9tico en polvo para preparar bebida a base de prote\u00ednas de suero.<br \/>\n2268gr | 25GR DE PROTE\u00cdNA X SERV.<\/p>\n","protected":false},"featured_media":16059,"template":"","meta":{"_monsterinsights_skip_tracking":false,"_monsterinsights_sitenote_active":false,"_monsterinsights_sitenote_note":"","_monsterinsights_sitenote_category":0},"product_brand":[],"product_cat":[186,146],"product_tag":[],"class_list":{"0":"post-16060","1":"product","2":"type-product","3":"status-publish","4":"has-post-thumbnail","6":"product_cat-importados","7":"product_cat-proteinas","9":"first","10":"instock","11":"taxable","12":"shipping-taxable","13":"product-type-simple"},"_links":{"self":[{"href":"https:\/\/stayfit.com.ar\/index.php?rest_route=\/wp\/v2\/product\/16060","targetHints":{"allow":["GET"]}}],"collection":[{"href":"https:\/\/stayfit.com.ar\/index.php?rest_route=\/wp\/v2\/product"}],"about":[{"href":"https:\/\/stayfit.com.ar\/index.php?rest_route=\/wp\/v2\/types\/product"}],"wp:featuredmedia":[{"embeddable":true,"href":"https:\/\/stayfit.com.ar\/index.php?rest_route=\/wp\/v2\/media\/16059"}],"wp:attachment":[{"href":"https:\/\/stayfit.com.ar\/index.php?rest_route=%2Fwp%2Fv2%2Fmedia&parent=16060"}],"wp:term":[{"taxonomy":"product_brand","embeddable":true,"href":"https:\/\/stayfit.com.ar\/index.php?rest_route=%2Fwp%2Fv2%2Fproduct_brand&post=16060"},{"taxonomy":"product_cat","embeddable":true,"href":"https:\/\/stayfit.com.ar\/index.php?rest_route=%2Fwp%2Fv2%2Fproduct_cat&post=16060"},{"taxonomy":"product_tag","embeddable":true,"href":"https:\/\/stayfit.com.ar\/index.php?rest_route=%2Fwp%2Fv2%2Fproduct_tag&post=16060"}],"curies":[{"name":"wp","href":"https:\/\/api.w.org\/{rel}","templated":true}]}}