{"id":16063,"date":"2023-01-10T17:40:37","date_gmt":"2023-01-10T20:40:37","guid":{"rendered":"https:\/\/stayfit.com.ar\/?post_type=product&#038;p=16063"},"modified":"2025-10-11T10:36:05","modified_gmt":"2025-10-11T13:36:05","slug":"o-n-gold-100-isolate-907gr","status":"publish","type":"product","link":"https:\/\/stayfit.com.ar\/?product=o-n-gold-100-isolate-907gr","title":{"rendered":"GOLD 100% ISOLATE 907gr ON"},"content":{"rendered":"<p>DESCRIPCION: Para crear GOLD STANDARD 100% ISOLATE, comenzamos seleccionando solo la prote\u00edna de suero de la m\u00e1s alta calidad que se somete a una serie de procesos de filtraci\u00f3n sofisticados para &#8216;aislar&#8217; el exceso de grasa, colesterol y az\u00facar.\u00a0Luego, una porci\u00f3n de este aislado de prote\u00edna de suero se hidroliza y se descompone en cadenas m\u00e1s peque\u00f1as de amino\u00e1cidos.\u00a0El producto final es una prote\u00edna completa de r\u00e1pida digesti\u00f3n que no contiene m\u00e1s de 1 gramo de carbohidratos, menos de un gramo de grasa y m\u00e1s del 80 % de prote\u00edna pura por porci\u00f3n.<br \/>\nMODO DE USO:<br \/>\nMezcle aproximadamente una cucharada del polvo en 6 a 8 onzas l\u00edquidas de agua fr\u00eda o leche y revuelva, agite o mezcle durante 30 segundos hasta que se disuelva.\u00a0Para obtener los mejores resultados, mezcle su batido de 30 a 60 minutos despu\u00e9s de su entrenamiento o \u00faselo como refrigerio en cualquier momento. balanceada.<\/p>\n","protected":false},"excerpt":{"rendered":"<p>Suplemento diet\u00e9tico en polvo para preparar bebida a base de prote\u00ednas de suero.<br \/>\n907gr | 25GR DE PROTE\u00cdNA X SERV.<\/p>\n","protected":false},"featured_media":16064,"template":"","meta":{"_monsterinsights_skip_tracking":false,"_monsterinsights_sitenote_active":false,"_monsterinsights_sitenote_note":"","_monsterinsights_sitenote_category":0},"product_brand":[],"product_cat":[186,146],"product_tag":[],"class_list":{"0":"post-16063","1":"product","2":"type-product","3":"status-publish","4":"has-post-thumbnail","6":"product_cat-importados","7":"product_cat-proteinas","9":"first","10":"instock","11":"taxable","12":"shipping-taxable","13":"product-type-simple"},"_links":{"self":[{"href":"https:\/\/stayfit.com.ar\/index.php?rest_route=\/wp\/v2\/product\/16063","targetHints":{"allow":["GET"]}}],"collection":[{"href":"https:\/\/stayfit.com.ar\/index.php?rest_route=\/wp\/v2\/product"}],"about":[{"href":"https:\/\/stayfit.com.ar\/index.php?rest_route=\/wp\/v2\/types\/product"}],"wp:featuredmedia":[{"embeddable":true,"href":"https:\/\/stayfit.com.ar\/index.php?rest_route=\/wp\/v2\/media\/16064"}],"wp:attachment":[{"href":"https:\/\/stayfit.com.ar\/index.php?rest_route=%2Fwp%2Fv2%2Fmedia&parent=16063"}],"wp:term":[{"taxonomy":"product_brand","embeddable":true,"href":"https:\/\/stayfit.com.ar\/index.php?rest_route=%2Fwp%2Fv2%2Fproduct_brand&post=16063"},{"taxonomy":"product_cat","embeddable":true,"href":"https:\/\/stayfit.com.ar\/index.php?rest_route=%2Fwp%2Fv2%2Fproduct_cat&post=16063"},{"taxonomy":"product_tag","embeddable":true,"href":"https:\/\/stayfit.com.ar\/index.php?rest_route=%2Fwp%2Fv2%2Fproduct_tag&post=16063"}],"curies":[{"name":"wp","href":"https:\/\/api.w.org\/{rel}","templated":true}]}}