{"id":16065,"date":"2023-01-10T17:47:01","date_gmt":"2023-01-10T20:47:01","guid":{"rendered":"https:\/\/stayfit.com.ar\/?post_type=product&#038;p=16065"},"modified":"2025-10-11T10:36:05","modified_gmt":"2025-10-11T13:36:05","slug":"o-n-hydro-whey-platinum-771gr","status":"publish","type":"product","link":"https:\/\/stayfit.com.ar\/?product=o-n-hydro-whey-platinum-771gr","title":{"rendered":"HYDRO WHEY PLATINUM 771gr ON"},"content":{"rendered":"<p>DESCRIPCION: Platinum HYDROWHEY es la prote\u00edna de suero de leche m\u00e1s avanzada que jam\u00e1s hayamos desarrollado y contiene 100 % aislado de prote\u00edna de suero de leche hidrolizada.\u00a0El aislado de prote\u00edna de suero de leche hidrolizada tiene gran parte de los carbohidratos, la grasa y la lactosa &#8216;aislados&#8217; utilizando tecnolog\u00edas de filtrado sofisticadas, y la hidrolizaci\u00f3n descompone las prote\u00ednas m\u00e1s grandes en pedazos m\u00e1s peque\u00f1os, por lo que el aislado de suero de leche ultra puro\u00a0puede ingresar a su sistema r\u00e1pidamente para apoyar la recuperaci\u00f3n muscular .\u00a0Finalmente, mejoramos esta f\u00f3rmula ultra pura y de r\u00e1pida digesti\u00f3n con amino\u00e1cidos de cadena ramificada micronizados (BCAA).<br \/>\nMODO DE USO:<br \/>\nMezcle aproximadamente una cucharada del polvo en 10 a 12 onzas l\u00edquidas de agua fr\u00eda o leche usando una licuadora, vaso mezclador o vaso y mezcle, agite o revuelva durante 20 a 30 segundos o hasta que el polvo se disuelva.\u00a0Para obtener los mejores resultados, mezcle su batido de 30 a 60 minutos despu\u00e9s de su entrenamiento o util\u00edcelo como refrigerio en cualquier momento.<\/p>\n","protected":false},"excerpt":{"rendered":"<p>Suplemento diet\u00e9tico en polvo para preparar bebida a base de prote\u00ednas de suero.<br \/>\n771gr | 25GR DE PROTE\u00cdNA X SERV.<\/p>\n","protected":false},"featured_media":16066,"template":"","meta":{"_monsterinsights_skip_tracking":false,"_monsterinsights_sitenote_active":false,"_monsterinsights_sitenote_note":"","_monsterinsights_sitenote_category":0},"product_brand":[],"product_cat":[186,146],"product_tag":[],"class_list":{"0":"post-16065","1":"product","2":"type-product","3":"status-publish","4":"has-post-thumbnail","6":"product_cat-importados","7":"product_cat-proteinas","9":"first","10":"instock","11":"taxable","12":"shipping-taxable","13":"product-type-simple"},"_links":{"self":[{"href":"https:\/\/stayfit.com.ar\/index.php?rest_route=\/wp\/v2\/product\/16065","targetHints":{"allow":["GET"]}}],"collection":[{"href":"https:\/\/stayfit.com.ar\/index.php?rest_route=\/wp\/v2\/product"}],"about":[{"href":"https:\/\/stayfit.com.ar\/index.php?rest_route=\/wp\/v2\/types\/product"}],"wp:featuredmedia":[{"embeddable":true,"href":"https:\/\/stayfit.com.ar\/index.php?rest_route=\/wp\/v2\/media\/16066"}],"wp:attachment":[{"href":"https:\/\/stayfit.com.ar\/index.php?rest_route=%2Fwp%2Fv2%2Fmedia&parent=16065"}],"wp:term":[{"taxonomy":"product_brand","embeddable":true,"href":"https:\/\/stayfit.com.ar\/index.php?rest_route=%2Fwp%2Fv2%2Fproduct_brand&post=16065"},{"taxonomy":"product_cat","embeddable":true,"href":"https:\/\/stayfit.com.ar\/index.php?rest_route=%2Fwp%2Fv2%2Fproduct_cat&post=16065"},{"taxonomy":"product_tag","embeddable":true,"href":"https:\/\/stayfit.com.ar\/index.php?rest_route=%2Fwp%2Fv2%2Fproduct_tag&post=16065"}],"curies":[{"name":"wp","href":"https:\/\/api.w.org\/{rel}","templated":true}]}}