{"id":16080,"date":"2023-01-10T18:26:25","date_gmt":"2023-01-10T21:26:25","guid":{"rendered":"https:\/\/stayfit.com.ar\/?post_type=product&#038;p=16080"},"modified":"2025-10-11T10:36:08","modified_gmt":"2025-10-11T13:36:08","slug":"bsn-syntha6-edge-1814gr","status":"publish","type":"product","link":"https:\/\/stayfit.com.ar\/?product=bsn-syntha6-edge-1814gr","title":{"rendered":"SYNTHA6 EDGE 1814gr BSN"},"content":{"rendered":"<p>DESCRIPCION: SYNTHA-6 edge\u00a0 es una s\u00edntesis de prote\u00ednas de primera calidad dise\u00f1ada para brindar a sus m\u00fasculos la prote\u00edna que necesitan para apoyar la recuperaci\u00f3n sin el exceso de carbohidratos y grasas que quiz\u00e1s no desee. Este batido repleto de prote\u00ednas ofrece una experiencia similar a un batido que te convencer\u00e1 de que es tu d\u00eda de trampa. D\u00e9 a su recuperaci\u00f3n la ventaja de rendimiento. Alimente sus m\u00fasculos y recompense sus papilas gustativas con SYNTHA-6.<br \/>\nMODO DE USO:<br \/>\nTome 1 cucharada con 4-5 oz.\u00a0de agua fr\u00eda o cualquier bebida de su elecci\u00f3n.\u00a0Para aumentar su ingesta de prote\u00ednas por porci\u00f3n y lograr un incre\u00edble sabor a malteada, use leche descremada o baja en grasa<\/p>\n","protected":false},"excerpt":{"rendered":"<p>Suplemento diet\u00e9tico en polvo para preparar bebida a base de prote\u00ednas de suero.<br \/>\n1814gr | 25GR DE PROTE\u00cdNA X SERV.<\/p>\n","protected":false},"featured_media":16081,"template":"","meta":{"_monsterinsights_skip_tracking":false,"_monsterinsights_sitenote_active":false,"_monsterinsights_sitenote_note":"","_monsterinsights_sitenote_category":0},"product_brand":[],"product_cat":[186,146],"product_tag":[],"class_list":{"0":"post-16080","1":"product","2":"type-product","3":"status-publish","4":"has-post-thumbnail","6":"product_cat-importados","7":"product_cat-proteinas","9":"first","10":"instock","11":"taxable","12":"shipping-taxable","13":"product-type-simple"},"_links":{"self":[{"href":"https:\/\/stayfit.com.ar\/index.php?rest_route=\/wp\/v2\/product\/16080","targetHints":{"allow":["GET"]}}],"collection":[{"href":"https:\/\/stayfit.com.ar\/index.php?rest_route=\/wp\/v2\/product"}],"about":[{"href":"https:\/\/stayfit.com.ar\/index.php?rest_route=\/wp\/v2\/types\/product"}],"wp:featuredmedia":[{"embeddable":true,"href":"https:\/\/stayfit.com.ar\/index.php?rest_route=\/wp\/v2\/media\/16081"}],"wp:attachment":[{"href":"https:\/\/stayfit.com.ar\/index.php?rest_route=%2Fwp%2Fv2%2Fmedia&parent=16080"}],"wp:term":[{"taxonomy":"product_brand","embeddable":true,"href":"https:\/\/stayfit.com.ar\/index.php?rest_route=%2Fwp%2Fv2%2Fproduct_brand&post=16080"},{"taxonomy":"product_cat","embeddable":true,"href":"https:\/\/stayfit.com.ar\/index.php?rest_route=%2Fwp%2Fv2%2Fproduct_cat&post=16080"},{"taxonomy":"product_tag","embeddable":true,"href":"https:\/\/stayfit.com.ar\/index.php?rest_route=%2Fwp%2Fv2%2Fproduct_tag&post=16080"}],"curies":[{"name":"wp","href":"https:\/\/api.w.org\/{rel}","templated":true}]}}