{"id":16086,"date":"2023-01-10T18:43:10","date_gmt":"2023-01-10T21:43:10","guid":{"rendered":"https:\/\/stayfit.com.ar\/?post_type=product&#038;p=16086"},"modified":"2025-10-11T10:36:08","modified_gmt":"2025-10-11T13:36:08","slug":"bsn-syntha6-isolate-1814gr","status":"publish","type":"product","link":"https:\/\/stayfit.com.ar\/?product=bsn-syntha6-isolate-1814gr","title":{"rendered":"SYNTHA6 ISOLATE 1814gr BSN"},"content":{"rendered":"<p>DESCRIPCION: Syntha-6 Isolate es una prote\u00edna en polvo ultrapremium que consiste en una mezcla de aislado de prote\u00edna de suero de leche y aislado de prote\u00edna de leche.\u00a0La exclusiva matriz de prote\u00edna Isolate combina las ventajas de las fuentes de prote\u00ednas de digesti\u00f3n r\u00e1pida y lenta, lo que convierte a Syntha-6 Isolate en el batido de recuperaci\u00f3n ideal para despu\u00e9s del entrenamiento.\u00a0Adem\u00e1s, tiene el mismo sabor delicioso que Syntha-6, gracias a la tecnolog\u00eda de sabor exclusiva de BSN.<br \/>\nMODO DE USO:<br \/>\nTome 1 cucharada con 4-5 oz.\u00a0de agua fr\u00eda o cualquier bebida de su elecci\u00f3n.\u00a0Para aumentar su ingesta de prote\u00ednas por porci\u00f3n y lograr un incre\u00edble sabor a malteada, use leche descremada o baja en grasa<\/p>\n","protected":false},"excerpt":{"rendered":"<p>Suplemento diet\u00e9tico en polvo para preparar bebida a base de prote\u00ednas de suero.<br \/>\n1814gr | 25GR DE PROTE\u00cdNA X SERV.<\/p>\n","protected":false},"featured_media":16087,"template":"","meta":{"_monsterinsights_skip_tracking":false,"_monsterinsights_sitenote_active":false,"_monsterinsights_sitenote_note":"","_monsterinsights_sitenote_category":0},"product_brand":[],"product_cat":[186,146],"product_tag":[],"class_list":{"0":"post-16086","1":"product","2":"type-product","3":"status-publish","4":"has-post-thumbnail","6":"product_cat-importados","7":"product_cat-proteinas","9":"first","10":"instock","11":"taxable","12":"shipping-taxable","13":"product-type-simple"},"_links":{"self":[{"href":"https:\/\/stayfit.com.ar\/index.php?rest_route=\/wp\/v2\/product\/16086","targetHints":{"allow":["GET"]}}],"collection":[{"href":"https:\/\/stayfit.com.ar\/index.php?rest_route=\/wp\/v2\/product"}],"about":[{"href":"https:\/\/stayfit.com.ar\/index.php?rest_route=\/wp\/v2\/types\/product"}],"wp:featuredmedia":[{"embeddable":true,"href":"https:\/\/stayfit.com.ar\/index.php?rest_route=\/wp\/v2\/media\/16087"}],"wp:attachment":[{"href":"https:\/\/stayfit.com.ar\/index.php?rest_route=%2Fwp%2Fv2%2Fmedia&parent=16086"}],"wp:term":[{"taxonomy":"product_brand","embeddable":true,"href":"https:\/\/stayfit.com.ar\/index.php?rest_route=%2Fwp%2Fv2%2Fproduct_brand&post=16086"},{"taxonomy":"product_cat","embeddable":true,"href":"https:\/\/stayfit.com.ar\/index.php?rest_route=%2Fwp%2Fv2%2Fproduct_cat&post=16086"},{"taxonomy":"product_tag","embeddable":true,"href":"https:\/\/stayfit.com.ar\/index.php?rest_route=%2Fwp%2Fv2%2Fproduct_tag&post=16086"}],"curies":[{"name":"wp","href":"https:\/\/api.w.org\/{rel}","templated":true}]}}