{"id":16094,"date":"2023-01-10T19:07:25","date_gmt":"2023-01-10T22:07:25","guid":{"rendered":"https:\/\/stayfit.com.ar\/?post_type=product&#038;p=16094"},"modified":"2025-10-11T10:36:08","modified_gmt":"2025-10-11T13:36:08","slug":"bsn-true-mass-4536gr","status":"publish","type":"product","link":"https:\/\/stayfit.com.ar\/?product=bsn-true-mass-4536gr","title":{"rendered":"TRUE MASS 4536gr BSN"},"content":{"rendered":"<p>DESCRIPCION: Bienvenido a las grandes ligas.\u00a0TRUE-MASS 1200 es el Ultimate Mass Gainer dise\u00f1ado para el verdadero ganador que quiere llamar la atenci\u00f3n.\u00a0Repleto de prote\u00edna ultra-premium y una matriz de carbohidratos \u00fanica, TRUE-MASS 1200 ayuda a impulsar la recuperaci\u00f3n muscular del entrenamiento pesado mientras proporciona los nutrientes que su cuerpo necesita para desarrollarse y rendir.\u00a0Porque cuando el mundo es tu escenario, nunca dejas de actuar.<br \/>\nMODO DE USO:<br \/>\nMezcle 3 cucharadas con 16 oz.\u00a0de agua fr\u00eda o cualquier bebida de su elecci\u00f3n.\u00a0Var\u00ede la cantidad de l\u00edquido para lograr la consistencia deseada.\u00a0Beba 1 porci\u00f3n al d\u00eda, o seg\u00fan sea necesario para satisfacer sus necesidades de prote\u00ednas o aumento de masa.\u00a0Para aumentar su ingesta de prote\u00ednas y calor\u00edas por porci\u00f3n y lograr un incre\u00edble sabor a batido, use leche<\/p>\n","protected":false},"excerpt":{"rendered":"<p>Suplemento diet\u00e9tico en polvo para preparar bebida a base de prote\u00ednas de suero.<br \/>\n4536gr | 50GR DE PROTE\u00cdNA X SERV.<\/p>\n","protected":false},"featured_media":16095,"template":"","meta":{"_monsterinsights_skip_tracking":false,"_monsterinsights_sitenote_active":false,"_monsterinsights_sitenote_note":"","_monsterinsights_sitenote_category":0},"product_brand":[],"product_cat":[148,186],"product_tag":[],"class_list":{"0":"post-16094","1":"product","2":"type-product","3":"status-publish","4":"has-post-thumbnail","6":"product_cat-ganadores-de-peso","7":"product_cat-importados","9":"first","10":"instock","11":"taxable","12":"shipping-taxable","13":"product-type-simple"},"_links":{"self":[{"href":"https:\/\/stayfit.com.ar\/index.php?rest_route=\/wp\/v2\/product\/16094","targetHints":{"allow":["GET"]}}],"collection":[{"href":"https:\/\/stayfit.com.ar\/index.php?rest_route=\/wp\/v2\/product"}],"about":[{"href":"https:\/\/stayfit.com.ar\/index.php?rest_route=\/wp\/v2\/types\/product"}],"wp:featuredmedia":[{"embeddable":true,"href":"https:\/\/stayfit.com.ar\/index.php?rest_route=\/wp\/v2\/media\/16095"}],"wp:attachment":[{"href":"https:\/\/stayfit.com.ar\/index.php?rest_route=%2Fwp%2Fv2%2Fmedia&parent=16094"}],"wp:term":[{"taxonomy":"product_brand","embeddable":true,"href":"https:\/\/stayfit.com.ar\/index.php?rest_route=%2Fwp%2Fv2%2Fproduct_brand&post=16094"},{"taxonomy":"product_cat","embeddable":true,"href":"https:\/\/stayfit.com.ar\/index.php?rest_route=%2Fwp%2Fv2%2Fproduct_cat&post=16094"},{"taxonomy":"product_tag","embeddable":true,"href":"https:\/\/stayfit.com.ar\/index.php?rest_route=%2Fwp%2Fv2%2Fproduct_tag&post=16094"}],"curies":[{"name":"wp","href":"https:\/\/api.w.org\/{rel}","templated":true}]}}