{"id":16096,"date":"2023-01-10T19:14:18","date_gmt":"2023-01-10T22:14:18","guid":{"rendered":"https:\/\/stayfit.com.ar\/?post_type=product&#038;p=16096"},"modified":"2025-10-11T10:36:09","modified_gmt":"2025-10-11T13:36:09","slug":"o-n-amino-energy","status":"publish","type":"product","link":"https:\/\/stayfit.com.ar\/?product=o-n-amino-energy","title":{"rendered":"AMINO ENERGY ON"},"content":{"rendered":"<p>DESCRIPCION:<br \/>\nMezclar ESSENTIAL AMIN.O.\u00a0ENERGY en cualquier momento que desee un impulso de energ\u00eda, enfoque y apoyo para la recuperaci\u00f3n muscular.\u00a0Cada porci\u00f3n proporciona 100 mg de cafe\u00edna de fuentes naturales para apoyar la energ\u00eda y el enfoque junto con 5 gramos de amino\u00e1cidos para el apoyo muscular.<br \/>\nMODO DE USO:<br \/>\nMezcle aproximadamente 2 cucharadas en 10 a 12 onzas l\u00edquidas de agua fr\u00eda a primera hora de la ma\u00f1ana, antes del ejercicio, como un estimulante de la tarde o en cualquier momento del d\u00eda.<\/p>\n","protected":false},"excerpt":{"rendered":"<p>Suplemento dietario en polvo diet\u00e9tico para preparar bebida a base de amino\u00e1cidos.<br \/>\n585G | 30 SERV. |\u00a0<\/p>\n","protected":false},"featured_media":16097,"template":"","meta":{"_monsterinsights_skip_tracking":false,"_monsterinsights_sitenote_active":false,"_monsterinsights_sitenote_note":"","_monsterinsights_sitenote_category":0},"product_brand":[],"product_cat":[124,186],"product_tag":[],"class_list":{"0":"post-16096","1":"product","2":"type-product","3":"status-publish","4":"has-post-thumbnail","6":"product_cat-aminoacidos","7":"product_cat-importados","9":"first","10":"instock","11":"taxable","12":"shipping-taxable","13":"purchasable","14":"product-type-simple"},"_links":{"self":[{"href":"https:\/\/stayfit.com.ar\/index.php?rest_route=\/wp\/v2\/product\/16096","targetHints":{"allow":["GET"]}}],"collection":[{"href":"https:\/\/stayfit.com.ar\/index.php?rest_route=\/wp\/v2\/product"}],"about":[{"href":"https:\/\/stayfit.com.ar\/index.php?rest_route=\/wp\/v2\/types\/product"}],"wp:featuredmedia":[{"embeddable":true,"href":"https:\/\/stayfit.com.ar\/index.php?rest_route=\/wp\/v2\/media\/16097"}],"wp:attachment":[{"href":"https:\/\/stayfit.com.ar\/index.php?rest_route=%2Fwp%2Fv2%2Fmedia&parent=16096"}],"wp:term":[{"taxonomy":"product_brand","embeddable":true,"href":"https:\/\/stayfit.com.ar\/index.php?rest_route=%2Fwp%2Fv2%2Fproduct_brand&post=16096"},{"taxonomy":"product_cat","embeddable":true,"href":"https:\/\/stayfit.com.ar\/index.php?rest_route=%2Fwp%2Fv2%2Fproduct_cat&post=16096"},{"taxonomy":"product_tag","embeddable":true,"href":"https:\/\/stayfit.com.ar\/index.php?rest_route=%2Fwp%2Fv2%2Fproduct_tag&post=16096"}],"curies":[{"name":"wp","href":"https:\/\/api.w.org\/{rel}","templated":true}]}}