{"id":16098,"date":"2023-01-10T19:18:41","date_gmt":"2023-01-10T22:18:41","guid":{"rendered":"https:\/\/stayfit.com.ar\/?post_type=product&#038;p=16098"},"modified":"2025-10-11T10:36:09","modified_gmt":"2025-10-11T13:36:09","slug":"bsn-amino-x","status":"publish","type":"product","link":"https:\/\/stayfit.com.ar\/?product=bsn-amino-x","title":{"rendered":"AMINO X BSN"},"content":{"rendered":"<p>DESCRIPCION:<br \/>\nAMINOx es una f\u00f3rmula de BCAA libre de estimulantes dise\u00f1ada para apoyar la resistencia durante su entrenamiento y ayudar en la recuperaci\u00f3n muscular despu\u00e9s del entrenamiento, para que pueda llevar su rendimiento al siguiente nivel.Con una mezcla de 10 gramos de BCAA esenciales y los amino\u00e1cidos, L -Alanina, taurina y L-citrulina, AMINOx ayudar\u00e1 a su cuerpo a recuperarse del entrenamiento de hoy y prepararse para el ma\u00f1ana. AMINOx, que se ofrece en cinco sabores refrescantes, le brinda un respaldo nutricional vers\u00e1til para cualquier tipo de r\u00e9gimen de entrenamiento.<br \/>\nMODO DE USO:<br \/>\nConsumir antes, durante o despu\u00e9s de tu entrenamiento.<br \/>\nMezcle 1 cucharada con 6-8 fl oz de agua fr\u00eda o cualquier bebida de su elecci\u00f3n.<\/p>\n","protected":false},"excerpt":{"rendered":"<p>Cada porci\u00f3n contiene una mezcla de 10 gramos de BCAA esenciales y los amino\u00e1cidos L-alanina, taurina y L-citrulina.\u00a0Disponible en 4 sabores.<br \/>\n30 SERVICIOS Y 70 SERVICIOS DISPONIBLES<\/p>\n","protected":false},"featured_media":16099,"template":"","meta":{"_monsterinsights_skip_tracking":false,"_monsterinsights_sitenote_active":false,"_monsterinsights_sitenote_note":"","_monsterinsights_sitenote_category":0},"product_brand":[],"product_cat":[124,186],"product_tag":[],"class_list":{"0":"post-16098","1":"product","2":"type-product","3":"status-publish","4":"has-post-thumbnail","6":"product_cat-aminoacidos","7":"product_cat-importados","9":"first","10":"instock","11":"taxable","12":"shipping-taxable","13":"product-type-simple"},"_links":{"self":[{"href":"https:\/\/stayfit.com.ar\/index.php?rest_route=\/wp\/v2\/product\/16098","targetHints":{"allow":["GET"]}}],"collection":[{"href":"https:\/\/stayfit.com.ar\/index.php?rest_route=\/wp\/v2\/product"}],"about":[{"href":"https:\/\/stayfit.com.ar\/index.php?rest_route=\/wp\/v2\/types\/product"}],"wp:featuredmedia":[{"embeddable":true,"href":"https:\/\/stayfit.com.ar\/index.php?rest_route=\/wp\/v2\/media\/16099"}],"wp:attachment":[{"href":"https:\/\/stayfit.com.ar\/index.php?rest_route=%2Fwp%2Fv2%2Fmedia&parent=16098"}],"wp:term":[{"taxonomy":"product_brand","embeddable":true,"href":"https:\/\/stayfit.com.ar\/index.php?rest_route=%2Fwp%2Fv2%2Fproduct_brand&post=16098"},{"taxonomy":"product_cat","embeddable":true,"href":"https:\/\/stayfit.com.ar\/index.php?rest_route=%2Fwp%2Fv2%2Fproduct_cat&post=16098"},{"taxonomy":"product_tag","embeddable":true,"href":"https:\/\/stayfit.com.ar\/index.php?rest_route=%2Fwp%2Fv2%2Fproduct_tag&post=16098"}],"curies":[{"name":"wp","href":"https:\/\/api.w.org\/{rel}","templated":true}]}}