{"id":16100,"date":"2023-01-10T19:26:23","date_gmt":"2023-01-10T22:26:23","guid":{"rendered":"https:\/\/stayfit.com.ar\/?post_type=product&#038;p=16100"},"modified":"2025-10-11T10:36:09","modified_gmt":"2025-10-11T13:36:09","slug":"universal-bcaa-pro","status":"publish","type":"product","link":"https:\/\/stayfit.com.ar\/?product=universal-bcaa-pro","title":{"rendered":"BCAA PRO UNIVERSAL"},"content":{"rendered":"<p>DESCRIPCI\u00d3N:<br \/>\nNuevo BCAA PRO UNIVERSAL USA<br \/>\nPote de 100 + 10 c\u00e1psulas &#8211; Total: 55 Servicios.<br \/>\nEl amino\u00e1cido ideal para mejorar la recuperaci\u00f3n, la masa muscular magra y perder grasa.<br \/>\nMODO DE USO: Tomar 2 c\u00e1psulas 45 minutos antes del entrenamiento y 2 c\u00e1psulas 15-30 minutos despu\u00e9s de los entrenamientos.<\/p>\n","protected":false},"excerpt":{"rendered":"<p>DENOMINACI\u00d3N:<br \/>\nSuplemento dietario a base de amino\u00e1cidos<br \/>\n110 C\u00c1PS.\u00a0<\/p>\n","protected":false},"featured_media":16101,"template":"","meta":{"_monsterinsights_skip_tracking":false,"_monsterinsights_sitenote_active":false,"_monsterinsights_sitenote_note":"","_monsterinsights_sitenote_category":0},"product_brand":[],"product_cat":[124,186],"product_tag":[],"class_list":{"0":"post-16100","1":"product","2":"type-product","3":"status-publish","4":"has-post-thumbnail","6":"product_cat-aminoacidos","7":"product_cat-importados","9":"first","10":"instock","11":"taxable","12":"shipping-taxable","13":"product-type-simple"},"_links":{"self":[{"href":"https:\/\/stayfit.com.ar\/index.php?rest_route=\/wp\/v2\/product\/16100","targetHints":{"allow":["GET"]}}],"collection":[{"href":"https:\/\/stayfit.com.ar\/index.php?rest_route=\/wp\/v2\/product"}],"about":[{"href":"https:\/\/stayfit.com.ar\/index.php?rest_route=\/wp\/v2\/types\/product"}],"wp:featuredmedia":[{"embeddable":true,"href":"https:\/\/stayfit.com.ar\/index.php?rest_route=\/wp\/v2\/media\/16101"}],"wp:attachment":[{"href":"https:\/\/stayfit.com.ar\/index.php?rest_route=%2Fwp%2Fv2%2Fmedia&parent=16100"}],"wp:term":[{"taxonomy":"product_brand","embeddable":true,"href":"https:\/\/stayfit.com.ar\/index.php?rest_route=%2Fwp%2Fv2%2Fproduct_brand&post=16100"},{"taxonomy":"product_cat","embeddable":true,"href":"https:\/\/stayfit.com.ar\/index.php?rest_route=%2Fwp%2Fv2%2Fproduct_cat&post=16100"},{"taxonomy":"product_tag","embeddable":true,"href":"https:\/\/stayfit.com.ar\/index.php?rest_route=%2Fwp%2Fv2%2Fproduct_tag&post=16100"}],"curies":[{"name":"wp","href":"https:\/\/api.w.org\/{rel}","templated":true}]}}