{"id":16102,"date":"2023-01-10T19:29:36","date_gmt":"2023-01-10T22:29:36","guid":{"rendered":"https:\/\/stayfit.com.ar\/?post_type=product&#038;p=16102"},"modified":"2025-10-11T10:36:09","modified_gmt":"2025-10-11T13:36:09","slug":"universal-amino-1900","status":"publish","type":"product","link":"https:\/\/stayfit.com.ar\/?product=universal-amino-1900","title":{"rendered":"AMINO 1900 UNIVERSAL"},"content":{"rendered":"<p>DESCRIPCI\u00d3N:<br \/>\nAmino 1900 contiene amino\u00e1cidos unidos a p\u00e9ptidos de la m\u00e1s alta calidad. El perfil de amino\u00e1cidos se ha equilibrado de manera \u00f3ptima para ayudarlo a lograr un crecimiento muscular superior, aumentar la fuerza, recuperarse m\u00e1s r\u00e1pido y mejorar el rendimiento.\u00a0Amino 1900 tambi\u00e9n puede ayudar a contribuir a una absorci\u00f3n de ox\u00edgeno m\u00e1s eficiente por parte de su cuerpo y aumentar su tasa metab\u00f3lica para ayudar a su cuerpo a quemar grasa para obtener energ\u00eda.<br \/>\nMODO DE USO: Como suplemento diet\u00e9tico, tomar 4 comprimidos en ayunas, tres veces al d\u00eda antes de las comidas y despu\u00e9s del entrenamiento.<\/p>\n","protected":false},"excerpt":{"rendered":"<p>DENOMINACI\u00d3N:<br \/>\nSuplemento dietario a base de amino\u00e1cidos<br \/>\n110 C\u00c1PS.\u00a0<\/p>\n","protected":false},"featured_media":16103,"template":"","meta":{"_monsterinsights_skip_tracking":false,"_monsterinsights_sitenote_active":false,"_monsterinsights_sitenote_note":"","_monsterinsights_sitenote_category":0},"product_brand":[],"product_cat":[124,186],"product_tag":[],"class_list":{"0":"post-16102","1":"product","2":"type-product","3":"status-publish","4":"has-post-thumbnail","6":"product_cat-aminoacidos","7":"product_cat-importados","9":"first","10":"instock","11":"taxable","12":"shipping-taxable","13":"product-type-simple"},"_links":{"self":[{"href":"https:\/\/stayfit.com.ar\/index.php?rest_route=\/wp\/v2\/product\/16102","targetHints":{"allow":["GET"]}}],"collection":[{"href":"https:\/\/stayfit.com.ar\/index.php?rest_route=\/wp\/v2\/product"}],"about":[{"href":"https:\/\/stayfit.com.ar\/index.php?rest_route=\/wp\/v2\/types\/product"}],"wp:featuredmedia":[{"embeddable":true,"href":"https:\/\/stayfit.com.ar\/index.php?rest_route=\/wp\/v2\/media\/16103"}],"wp:attachment":[{"href":"https:\/\/stayfit.com.ar\/index.php?rest_route=%2Fwp%2Fv2%2Fmedia&parent=16102"}],"wp:term":[{"taxonomy":"product_brand","embeddable":true,"href":"https:\/\/stayfit.com.ar\/index.php?rest_route=%2Fwp%2Fv2%2Fproduct_brand&post=16102"},{"taxonomy":"product_cat","embeddable":true,"href":"https:\/\/stayfit.com.ar\/index.php?rest_route=%2Fwp%2Fv2%2Fproduct_cat&post=16102"},{"taxonomy":"product_tag","embeddable":true,"href":"https:\/\/stayfit.com.ar\/index.php?rest_route=%2Fwp%2Fv2%2Fproduct_tag&post=16102"}],"curies":[{"name":"wp","href":"https:\/\/api.w.org\/{rel}","templated":true}]}}