{"id":16104,"date":"2023-01-10T19:33:31","date_gmt":"2023-01-10T22:33:31","guid":{"rendered":"https:\/\/stayfit.com.ar\/?post_type=product&#038;p=16104"},"modified":"2025-10-11T10:36:09","modified_gmt":"2025-10-11T13:36:09","slug":"universal-atomic-7","status":"publish","type":"product","link":"https:\/\/stayfit.com.ar\/?product=universal-atomic-7","title":{"rendered":"ATOMIC 7 UNIVERSAL"},"content":{"rendered":"<p>DESCRIPCI\u00d3N:<br \/>\nAtomic 7 combina la proporci\u00f3n comprobada (2:1:1) de amino\u00e1cidos de cadena ramificada (BCAA) con ingredientes adicionales clave para el rendimiento, como L-glutamina y L-taurina. Esta poderosa pero deliciosa f\u00f3rmula no solo puede ayudar a maximizar el rendimiento durante el entrenamiento, sino tambi\u00e9n mejorar la recuperaci\u00f3n posterior.\u00a0Atomic 7 tambi\u00e9n puede ayudar a disminuir la fatiga, mejorar la s\u00edntesis de prote\u00ednas musculares, aumentar el volumen celular, mejorar la funci\u00f3n inmunol\u00f3gica, ahorrar gluc\u00f3geno hep\u00e1tico y muscular, reducir la degradaci\u00f3n muscular y servir como fuente de combustible durante el ejercicio prolongado<br \/>\nMODO DE USO:<br \/>\nComo suplemento diet\u00e9tico, mezcle 1 cucharada de Atomic 7 con 8-12 oz de su bebida fr\u00eda favorita y use una coctelera. Para obtener los mejores resultados, t\u00f3melo antes y despu\u00e9s del entrenamiento.<\/p>\n","protected":false},"excerpt":{"rendered":"<p>DENOMINACI\u00d3N:<br \/>\nSuplemento dietario a base de amino\u00e1cidos.<br \/>\nPara atletas que buscan maximizar el rendimiento en el gimnasio pero mejorar la recuperaci\u00f3n al mismo tiempo 30 SERVICIOS<\/p>\n","protected":false},"featured_media":16105,"template":"","meta":{"_monsterinsights_skip_tracking":false,"_monsterinsights_sitenote_active":false,"_monsterinsights_sitenote_note":"","_monsterinsights_sitenote_category":0},"product_brand":[],"product_cat":[124,186],"product_tag":[],"class_list":{"0":"post-16104","1":"product","2":"type-product","3":"status-publish","4":"has-post-thumbnail","6":"product_cat-aminoacidos","7":"product_cat-importados","9":"first","10":"instock","11":"taxable","12":"shipping-taxable","13":"product-type-simple"},"_links":{"self":[{"href":"https:\/\/stayfit.com.ar\/index.php?rest_route=\/wp\/v2\/product\/16104","targetHints":{"allow":["GET"]}}],"collection":[{"href":"https:\/\/stayfit.com.ar\/index.php?rest_route=\/wp\/v2\/product"}],"about":[{"href":"https:\/\/stayfit.com.ar\/index.php?rest_route=\/wp\/v2\/types\/product"}],"wp:featuredmedia":[{"embeddable":true,"href":"https:\/\/stayfit.com.ar\/index.php?rest_route=\/wp\/v2\/media\/16105"}],"wp:attachment":[{"href":"https:\/\/stayfit.com.ar\/index.php?rest_route=%2Fwp%2Fv2%2Fmedia&parent=16104"}],"wp:term":[{"taxonomy":"product_brand","embeddable":true,"href":"https:\/\/stayfit.com.ar\/index.php?rest_route=%2Fwp%2Fv2%2Fproduct_brand&post=16104"},{"taxonomy":"product_cat","embeddable":true,"href":"https:\/\/stayfit.com.ar\/index.php?rest_route=%2Fwp%2Fv2%2Fproduct_cat&post=16104"},{"taxonomy":"product_tag","embeddable":true,"href":"https:\/\/stayfit.com.ar\/index.php?rest_route=%2Fwp%2Fv2%2Fproduct_tag&post=16104"}],"curies":[{"name":"wp","href":"https:\/\/api.w.org\/{rel}","templated":true}]}}