{"id":16108,"date":"2023-01-11T16:17:10","date_gmt":"2023-01-11T19:17:10","guid":{"rendered":"https:\/\/stayfit.com.ar\/?post_type=product&#038;p=16108"},"modified":"2025-10-11T10:36:09","modified_gmt":"2025-10-11T13:36:09","slug":"nutrex-bcaa-600","status":"publish","type":"product","link":"https:\/\/stayfit.com.ar\/?product=nutrex-bcaa-600","title":{"rendered":"BCAA 6000 NUTREX"},"content":{"rendered":"<p>DESCRIPCI\u00d3N:<br \/>\nLos BCAA (amino\u00e1cidos de cadena ramificada) son un super combustible puro para tus m\u00fasculos. \u00bfQu\u00e9 los hace tan especiales? A diferencia de otros amino\u00e1cidos, los BCAA van directamente a los m\u00fasculos despu\u00e9s de su consumo. Cada porci\u00f3n de BCAA 6000 carga r\u00e1pidamente sus m\u00fasculos con 6 gramos de los amino\u00e1cidos de cadena ramificada L-Leucina, L-Isoleucina y L-Valina. Los BCAA ayudan adem\u00e1s a reducir la degradaci\u00f3n del tejido muscular durante el entrenamiento intenso. Esto apoya directamente la reparaci\u00f3n y recuperaci\u00f3n muscular. Nuestro BCAA 6000 es una excelente opci\u00f3n para mejorar los resultados del entrenamiento<br \/>\nMODO DE USO:<br \/>\nD\u00eda de entrenamiento: 1 servicio despu\u00e9s de entrenar<br \/>\nD\u00eda de descanso: 1 Servicios entre comidas (almuerzo y cena<\/p>\n","protected":false},"excerpt":{"rendered":"<p>DENOMINACI\u00d3N:<br \/>\nSuplemento dietario a base de amino\u00e1cidos.<br \/>\nPara atletas que buscan maximizar el rendimiento en el gimnasio pero mejorar la recuperaci\u00f3n al mismo tiempo 30 SERVICIOS<\/p>\n","protected":false},"featured_media":16109,"template":"","meta":{"_monsterinsights_skip_tracking":false,"_monsterinsights_sitenote_active":false,"_monsterinsights_sitenote_note":"","_monsterinsights_sitenote_category":0},"product_brand":[],"product_cat":[124,186],"product_tag":[],"class_list":{"0":"post-16108","1":"product","2":"type-product","3":"status-publish","4":"has-post-thumbnail","6":"product_cat-aminoacidos","7":"product_cat-importados","9":"first","10":"instock","11":"taxable","12":"shipping-taxable","13":"product-type-simple"},"_links":{"self":[{"href":"https:\/\/stayfit.com.ar\/index.php?rest_route=\/wp\/v2\/product\/16108","targetHints":{"allow":["GET"]}}],"collection":[{"href":"https:\/\/stayfit.com.ar\/index.php?rest_route=\/wp\/v2\/product"}],"about":[{"href":"https:\/\/stayfit.com.ar\/index.php?rest_route=\/wp\/v2\/types\/product"}],"wp:featuredmedia":[{"embeddable":true,"href":"https:\/\/stayfit.com.ar\/index.php?rest_route=\/wp\/v2\/media\/16109"}],"wp:attachment":[{"href":"https:\/\/stayfit.com.ar\/index.php?rest_route=%2Fwp%2Fv2%2Fmedia&parent=16108"}],"wp:term":[{"taxonomy":"product_brand","embeddable":true,"href":"https:\/\/stayfit.com.ar\/index.php?rest_route=%2Fwp%2Fv2%2Fproduct_brand&post=16108"},{"taxonomy":"product_cat","embeddable":true,"href":"https:\/\/stayfit.com.ar\/index.php?rest_route=%2Fwp%2Fv2%2Fproduct_cat&post=16108"},{"taxonomy":"product_tag","embeddable":true,"href":"https:\/\/stayfit.com.ar\/index.php?rest_route=%2Fwp%2Fv2%2Fproduct_tag&post=16108"}],"curies":[{"name":"wp","href":"https:\/\/api.w.org\/{rel}","templated":true}]}}