{"id":16110,"date":"2023-01-11T16:25:28","date_gmt":"2023-01-11T19:25:28","guid":{"rendered":"https:\/\/stayfit.com.ar\/?post_type=product&#038;p=16110"},"modified":"2026-01-14T21:33:52","modified_gmt":"2026-01-15T00:33:52","slug":"cellucor-c4-60-serv","status":"publish","type":"product","link":"https:\/\/stayfit.com.ar\/?product=cellucor-c4-60-serv","title":{"rendered":"C4 (60 servicios) CELLUCOR"},"content":{"rendered":"<p>DESCRIPCION:<br \/>\nC4 Original est\u00e1 dise\u00f1ado para llevar su energ\u00eda, resistencia muscular y bombeo al siguiente nivel.<br \/>\nDesde principiantes hasta competidores de \u00e9lite, los productos de pre-entrenamiento C4 encienden su viaje de acondicionamiento f\u00edsico.\u00a0*Basado en el mercado IRI y datos de Euromonitor International.<br \/>\nMODO DE USO:<br \/>\nTome una porci\u00f3n (1 cucharada rasa) de C4\u00ae Original, mezclada con 6 fl.\u00a0oz de agua 20-30 minutos antes del entrenamiento.\u00a0Algunas personas pueden experimentar una sensaci\u00f3n de hormigueo inofensiva, que se atribuye a la beta alanina.<\/p>\n","protected":false},"excerpt":{"rendered":"<ul>\n<li>\nENERG\u00cdA EXPLOSIVA\u00a0: lleva tu entrenamiento al siguiente nivel con la energ\u00eda explosiva C4 de 150 mg de cafe\u00edna.\n<\/li>\n<li>\nRESISTENCIA MUSCULAR\u00a0: potencia los entrenamientos duros con CarnoSyn\u00ae Beta-Alanine, que ayuda a combatir la fatiga muscular y respalda la resistencia muscular*\n<\/li>\n<li>\nSABORES INCRE\u00cdBLES\u00a0: con miles de millones de porciones de productos de la marca C4 vendidos, la marca C4 ha establecido el est\u00e1ndar de gran sabor durante m\u00e1s de una d\u00e9cada.*\n<\/li>\n<li>\nPUMP BOOSTER\u00a0: mejore sus bombas a trav\u00e9s de una combinaci\u00f3n patentada \u00fanica de creatina y nitratos.\n<\/li>\n<\/ul>\n","protected":false},"featured_media":21030,"template":"","meta":{"_monsterinsights_skip_tracking":false,"_monsterinsights_sitenote_active":false,"_monsterinsights_sitenote_note":"","_monsterinsights_sitenote_category":0},"product_brand":[],"product_cat":[186,155],"product_tag":[],"class_list":{"0":"post-16110","1":"product","2":"type-product","3":"status-publish","4":"has-post-thumbnail","6":"product_cat-importados","7":"product_cat-pre-entrenos","9":"first","10":"instock","11":"taxable","12":"shipping-taxable","13":"purchasable","14":"product-type-simple"},"_links":{"self":[{"href":"https:\/\/stayfit.com.ar\/index.php?rest_route=\/wp\/v2\/product\/16110","targetHints":{"allow":["GET"]}}],"collection":[{"href":"https:\/\/stayfit.com.ar\/index.php?rest_route=\/wp\/v2\/product"}],"about":[{"href":"https:\/\/stayfit.com.ar\/index.php?rest_route=\/wp\/v2\/types\/product"}],"wp:featuredmedia":[{"embeddable":true,"href":"https:\/\/stayfit.com.ar\/index.php?rest_route=\/wp\/v2\/media\/21030"}],"wp:attachment":[{"href":"https:\/\/stayfit.com.ar\/index.php?rest_route=%2Fwp%2Fv2%2Fmedia&parent=16110"}],"wp:term":[{"taxonomy":"product_brand","embeddable":true,"href":"https:\/\/stayfit.com.ar\/index.php?rest_route=%2Fwp%2Fv2%2Fproduct_brand&post=16110"},{"taxonomy":"product_cat","embeddable":true,"href":"https:\/\/stayfit.com.ar\/index.php?rest_route=%2Fwp%2Fv2%2Fproduct_cat&post=16110"},{"taxonomy":"product_tag","embeddable":true,"href":"https:\/\/stayfit.com.ar\/index.php?rest_route=%2Fwp%2Fv2%2Fproduct_tag&post=16110"}],"curies":[{"name":"wp","href":"https:\/\/api.w.org\/{rel}","templated":true}]}}