{"id":16112,"date":"2023-01-11T16:42:10","date_gmt":"2023-01-11T19:42:10","guid":{"rendered":"https:\/\/stayfit.com.ar\/?post_type=product&#038;p=16112"},"modified":"2025-10-11T10:36:09","modified_gmt":"2025-10-11T13:36:09","slug":"nutrex-lipo-6-training-30-serv","status":"publish","type":"product","link":"https:\/\/stayfit.com.ar\/?product=nutrex-lipo-6-training-30-serv","title":{"rendered":"LIPO 6 TRAINING NUTREX"},"content":{"rendered":"<p>DESCRIPCION:<br \/>\nEl entrenamiento de LIPO-6 NEGRO no es para los d\u00e9biles de coraz\u00f3n. Es un pre-entrenamiento muy fuerte y potente que te asegurar\u00e1 que llegues al gimnasio con un estilo de lucha total. Debes reservar este preentrenamiento s\u00f3lo para tus sesiones de entrenamiento m\u00e1s duras y serias. Te hace saltar r\u00e1pidamente. La energ\u00eda y la concentraci\u00f3n son reales. Sube la intensidad de tu entrenamiento a un nivel que te sorprender\u00e1 y experimentar\u00e1s algunos de los mejores golpes que hayas tenido.<br \/>\nMODO DE USO:<br \/>\nAgitar el envase antes de cada uso. La tolerancia individual puede variar. Mezcle una cucharada en 8-10oz de agua fr\u00eda y consuma 30-45 minutos antes de entrenar. Utilice s\u00f3lo 1 porci\u00f3n (1 cucharada) en un per\u00edodo de 24 horas. Nunca tome m\u00e1s de 1 cucharada.<\/p>\n","protected":false},"excerpt":{"rendered":"<p>Lipo 6 Black\u00a0Training\u00a0de\u00a0Nutrex Research\u00a0es un suplemento de pre-entrenamiento en polvo que te proporciona una energ\u00eda explosiva, unos enormes bombeos musculares y m\u00e1s fuerza para que mejores la intensidad de tus entrenamientos y alcances todos los objetivos que te propongas.<\/p>\n","protected":false},"featured_media":16114,"template":"","meta":{"_monsterinsights_skip_tracking":false,"_monsterinsights_sitenote_active":false,"_monsterinsights_sitenote_note":"","_monsterinsights_sitenote_category":0},"product_brand":[],"product_cat":[186,155],"product_tag":[],"class_list":{"0":"post-16112","1":"product","2":"type-product","3":"status-publish","4":"has-post-thumbnail","6":"product_cat-importados","7":"product_cat-pre-entrenos","9":"first","10":"instock","11":"taxable","12":"shipping-taxable","13":"product-type-simple"},"_links":{"self":[{"href":"https:\/\/stayfit.com.ar\/index.php?rest_route=\/wp\/v2\/product\/16112","targetHints":{"allow":["GET"]}}],"collection":[{"href":"https:\/\/stayfit.com.ar\/index.php?rest_route=\/wp\/v2\/product"}],"about":[{"href":"https:\/\/stayfit.com.ar\/index.php?rest_route=\/wp\/v2\/types\/product"}],"wp:featuredmedia":[{"embeddable":true,"href":"https:\/\/stayfit.com.ar\/index.php?rest_route=\/wp\/v2\/media\/16114"}],"wp:attachment":[{"href":"https:\/\/stayfit.com.ar\/index.php?rest_route=%2Fwp%2Fv2%2Fmedia&parent=16112"}],"wp:term":[{"taxonomy":"product_brand","embeddable":true,"href":"https:\/\/stayfit.com.ar\/index.php?rest_route=%2Fwp%2Fv2%2Fproduct_brand&post=16112"},{"taxonomy":"product_cat","embeddable":true,"href":"https:\/\/stayfit.com.ar\/index.php?rest_route=%2Fwp%2Fv2%2Fproduct_cat&post=16112"},{"taxonomy":"product_tag","embeddable":true,"href":"https:\/\/stayfit.com.ar\/index.php?rest_route=%2Fwp%2Fv2%2Fproduct_tag&post=16112"}],"curies":[{"name":"wp","href":"https:\/\/api.w.org\/{rel}","templated":true}]}}