{"id":16117,"date":"2023-01-11T16:58:47","date_gmt":"2023-01-11T19:58:47","guid":{"rendered":"https:\/\/stayfit.com.ar\/?post_type=product&#038;p=16117"},"modified":"2025-11-21T11:12:23","modified_gmt":"2025-11-21T14:12:23","slug":"o-n-creatina-micronizada-300gr","status":"publish","type":"product","link":"https:\/\/stayfit.com.ar\/?product=o-n-creatina-micronizada-300gr","title":{"rendered":"CREATINA MICRONIZADA 300gr ON"},"content":{"rendered":"<p>DESCRIPCION:<br \/>\n&#8211; MARCA: ON &#8211; OPTIMUM NUTRITION\u00ae<br \/>\n&#8211; INFORMACION NUTRICIONAL: 100% Creatina Monohidrato Ultra-Micronizada.<br \/>\n&#8211; TAMA\u00d1O: 10,6 Oz. \/ 300 Grs.<br \/>\n&#8211; SERVICIO: 5 gramos (1 cucharada de t\u00e9 al ras)<br \/>\nServicios por envase: 60<br \/>\n&#8211; SABOR: Sin saborizar (Neutro).<br \/>\n&#8211; FUNCION: Volumen muscular \/ Fuerza \/ Resistencia.<br \/>\n&#8211; MODO DE USO: dosis m\u00ednima recomendada 5 gramos. Dosis \u00f3ptima 1 gramo cada 10 kilos de peso corporal. Mezcla en agua o jugo. El momento del d\u00eda para su consumo es indistinto.<br \/>\n&#8211; ORIGEN: Estados Unidos.<\/p>\n","protected":false},"excerpt":{"rendered":"<p>Suplemento dietario a base de Creatina Monohidrato.<br \/>\n300g| 5G CREATINA X SERV. | ULTRAMICRONIZED<br \/>\n100% PURA | AUMENTA EL VOLUMEN Y LA RESISTENCIA<\/p>\n","protected":false},"featured_media":22866,"template":"","meta":{"_monsterinsights_skip_tracking":false,"_monsterinsights_sitenote_active":false,"_monsterinsights_sitenote_note":"","_monsterinsights_sitenote_category":0},"product_brand":[],"product_cat":[149,186,328],"product_tag":[],"class_list":{"0":"post-16117","1":"product","2":"type-product","3":"status-publish","4":"has-post-thumbnail","6":"product_cat-creatinas","7":"product_cat-importados","8":"product_cat-optimun-nutrition","10":"first","11":"instock","12":"sale","13":"taxable","14":"shipping-taxable","15":"purchasable","16":"product-type-simple"},"_links":{"self":[{"href":"https:\/\/stayfit.com.ar\/index.php?rest_route=\/wp\/v2\/product\/16117","targetHints":{"allow":["GET"]}}],"collection":[{"href":"https:\/\/stayfit.com.ar\/index.php?rest_route=\/wp\/v2\/product"}],"about":[{"href":"https:\/\/stayfit.com.ar\/index.php?rest_route=\/wp\/v2\/types\/product"}],"wp:featuredmedia":[{"embeddable":true,"href":"https:\/\/stayfit.com.ar\/index.php?rest_route=\/wp\/v2\/media\/22866"}],"wp:attachment":[{"href":"https:\/\/stayfit.com.ar\/index.php?rest_route=%2Fwp%2Fv2%2Fmedia&parent=16117"}],"wp:term":[{"taxonomy":"product_brand","embeddable":true,"href":"https:\/\/stayfit.com.ar\/index.php?rest_route=%2Fwp%2Fv2%2Fproduct_brand&post=16117"},{"taxonomy":"product_cat","embeddable":true,"href":"https:\/\/stayfit.com.ar\/index.php?rest_route=%2Fwp%2Fv2%2Fproduct_cat&post=16117"},{"taxonomy":"product_tag","embeddable":true,"href":"https:\/\/stayfit.com.ar\/index.php?rest_route=%2Fwp%2Fv2%2Fproduct_tag&post=16117"}],"curies":[{"name":"wp","href":"https:\/\/api.w.org\/{rel}","templated":true}]}}