{"id":16127,"date":"2023-01-11T17:41:37","date_gmt":"2023-01-11T20:41:37","guid":{"rendered":"https:\/\/stayfit.com.ar\/?post_type=product&#038;p=16127"},"modified":"2025-10-11T10:36:10","modified_gmt":"2025-10-11T13:36:10","slug":"o-n-glutamina-300gr-2","status":"publish","type":"product","link":"https:\/\/stayfit.com.ar\/?product=o-n-glutamina-300gr-2","title":{"rendered":"GLUTAMINA 300gr UNIVERSAL"},"content":{"rendered":"<p>DESCRIPCION:<br \/>\nLa Glutamina es un amino\u00e1cido esencial anab\u00f3lico y anticatab\u00f3lico m\u00e1s abundante en las fibras musculares.<br \/>\nEste producto provee la m\u00e1s pura L-Glutamina con el m\u00e1ximo poder de absorci\u00f3n.<br \/>\nM\u00faltiples investigaciones concluyen que la glutamina resulta ser la variable m\u00e1s importante para la \u00f3ptima s\u00edntesis de prote\u00edna, s\u00edntesis de gluc\u00f3geno, retenci\u00f3n de nitr\u00f3geno y prevenci\u00f3n del catabolismo muscular.<br \/>\nLos principales beneficios son:<br \/>\n&#8211; Balance de nitr\u00f3geno.<br \/>\n&#8211; Maximiza la recuperaci\u00f3n.<br \/>\n&#8211; Previene la p\u00e9rdida de masa muscular.<br \/>\n&#8211; Hidrataci\u00f3n celular.<br \/>\nMODO DE USO:<br \/>\nDiluir 1 porci\u00f3n en 300 ml. de la bebida de tu preferencia.<br \/>\nTambi\u00e9n, podes agregarlo a tu batido.<\/p>\n","protected":false},"excerpt":{"rendered":"<p>Suplemento diet\u00e9tico a base de l-glutamina.<br \/>\n300G |\u00a0 5G GLUTAMINA X SERV.<br \/>\nRECUPERACI\u00d3N Y CRECIMIENTO MUSCULAR<br \/>\nEVITA LA OXIDACI\u00d3N MUSCULAR<br \/>\nREGENERA Y RECUPERA TEJIDOS<\/p>\n","protected":false},"featured_media":16129,"template":"","meta":{"_monsterinsights_skip_tracking":false,"_monsterinsights_sitenote_active":false,"_monsterinsights_sitenote_note":"","_monsterinsights_sitenote_category":0},"product_brand":[],"product_cat":[150,186],"product_tag":[],"class_list":{"0":"post-16127","1":"product","2":"type-product","3":"status-publish","4":"has-post-thumbnail","6":"product_cat-glutaminas","7":"product_cat-importados","9":"first","10":"instock","11":"taxable","12":"shipping-taxable","13":"product-type-simple"},"_links":{"self":[{"href":"https:\/\/stayfit.com.ar\/index.php?rest_route=\/wp\/v2\/product\/16127","targetHints":{"allow":["GET"]}}],"collection":[{"href":"https:\/\/stayfit.com.ar\/index.php?rest_route=\/wp\/v2\/product"}],"about":[{"href":"https:\/\/stayfit.com.ar\/index.php?rest_route=\/wp\/v2\/types\/product"}],"wp:featuredmedia":[{"embeddable":true,"href":"https:\/\/stayfit.com.ar\/index.php?rest_route=\/wp\/v2\/media\/16129"}],"wp:attachment":[{"href":"https:\/\/stayfit.com.ar\/index.php?rest_route=%2Fwp%2Fv2%2Fmedia&parent=16127"}],"wp:term":[{"taxonomy":"product_brand","embeddable":true,"href":"https:\/\/stayfit.com.ar\/index.php?rest_route=%2Fwp%2Fv2%2Fproduct_brand&post=16127"},{"taxonomy":"product_cat","embeddable":true,"href":"https:\/\/stayfit.com.ar\/index.php?rest_route=%2Fwp%2Fv2%2Fproduct_cat&post=16127"},{"taxonomy":"product_tag","embeddable":true,"href":"https:\/\/stayfit.com.ar\/index.php?rest_route=%2Fwp%2Fv2%2Fproduct_tag&post=16127"}],"curies":[{"name":"wp","href":"https:\/\/api.w.org\/{rel}","templated":true}]}}