{"id":16135,"date":"2023-01-11T17:58:02","date_gmt":"2023-01-11T20:58:02","guid":{"rendered":"https:\/\/stayfit.com.ar\/?post_type=product&#038;p=16135"},"modified":"2025-10-11T10:36:10","modified_gmt":"2025-10-11T13:36:10","slug":"muscletech-hydroxy-cut-100caps","status":"publish","type":"product","link":"https:\/\/stayfit.com.ar\/?product=muscletech-hydroxy-cut-100caps","title":{"rendered":"HYDROXYCUT 100caps MUSCLETECH"},"content":{"rendered":"<p>INFORMACI\u00d3N DEL PRODUCTO:<br \/>\nHydroxycut Hardcore Elite, un termog\u00e9nico superpotente, combina ingredientes \u00fanicos como Coleus forskohlii y L-teanina. Proporciona un aumento intenso de energ\u00eda desde la primera toma gracias a la cafe\u00edna anhidra, un ingrediente probado cient\u00edficamente. Formulado con ingredientes clave para la p\u00e9rdida de peso. No solo es una fuente de energ\u00eda extrema, sino que Hydroxycut Hardcore Elite tambi\u00e9n mejora el enfoque con una dosis de cafe\u00edna anhidra. La combinaci\u00f3n de potentes ingredientes contribuye a una experiencia termog\u00e9nica definitiva. Dise\u00f1ado espec\u00edficamente para la quema de grasa corporal y aumento de energ\u00eda. Con Hydroxycut Hardcore Elite est\u00e1 comprometido con los m\u00e1s altos est\u00e1ndares de calidad.<br \/>\nDESCRIPCI\u00d3N:<br \/>\nP\u00e9rdida de peso intensa<br \/>\nEnerg\u00eda extrema<br \/>\nIngredientes respaldados cientificamente<br \/>\nCalidad y pureza probadas<br \/>\nMODO DE USO:<br \/>\nSe recomienda tomar 1 c\u00e1psula por d\u00eda, 30 a 60 minutos antes del desayuno o antes de entrenar, como un pre-entreno. Para obtener mejores resultados, usar por 60 d\u00edas combinados con dieta y entrenamiento. No se recomienda tomar en las 5 horas previas al descanso, exceder de 2 c\u00e1psulas en un periodo de 24 horas y utilizar por m\u00e1s de 8 semanas.<br \/>\nPRESENTACIONES:<br \/>\nEnvases de 110 c\u00e1psulas<\/p>\n","protected":false},"excerpt":{"rendered":"<p>Hydroxycut Hardcore (MUSCLETECH)<br \/>\nPotente quemador de grasa termogenico.<br \/>\n110 CAP. | con YOHIMBINA<\/p>\n","protected":false},"featured_media":16136,"template":"","meta":{"_monsterinsights_skip_tracking":false,"_monsterinsights_sitenote_active":false,"_monsterinsights_sitenote_note":"","_monsterinsights_sitenote_category":0},"product_brand":[],"product_cat":[186,152],"product_tag":[],"class_list":{"0":"post-16135","1":"product","2":"type-product","3":"status-publish","4":"has-post-thumbnail","6":"product_cat-importados","7":"product_cat-quemadores","9":"first","10":"instock","11":"taxable","12":"shipping-taxable","13":"product-type-simple"},"_links":{"self":[{"href":"https:\/\/stayfit.com.ar\/index.php?rest_route=\/wp\/v2\/product\/16135","targetHints":{"allow":["GET"]}}],"collection":[{"href":"https:\/\/stayfit.com.ar\/index.php?rest_route=\/wp\/v2\/product"}],"about":[{"href":"https:\/\/stayfit.com.ar\/index.php?rest_route=\/wp\/v2\/types\/product"}],"wp:featuredmedia":[{"embeddable":true,"href":"https:\/\/stayfit.com.ar\/index.php?rest_route=\/wp\/v2\/media\/16136"}],"wp:attachment":[{"href":"https:\/\/stayfit.com.ar\/index.php?rest_route=%2Fwp%2Fv2%2Fmedia&parent=16135"}],"wp:term":[{"taxonomy":"product_brand","embeddable":true,"href":"https:\/\/stayfit.com.ar\/index.php?rest_route=%2Fwp%2Fv2%2Fproduct_brand&post=16135"},{"taxonomy":"product_cat","embeddable":true,"href":"https:\/\/stayfit.com.ar\/index.php?rest_route=%2Fwp%2Fv2%2Fproduct_cat&post=16135"},{"taxonomy":"product_tag","embeddable":true,"href":"https:\/\/stayfit.com.ar\/index.php?rest_route=%2Fwp%2Fv2%2Fproduct_tag&post=16135"}],"curies":[{"name":"wp","href":"https:\/\/api.w.org\/{rel}","templated":true}]}}