{"id":16143,"date":"2023-01-11T18:24:23","date_gmt":"2023-01-11T21:24:23","guid":{"rendered":"https:\/\/stayfit.com.ar\/?post_type=product&#038;p=16143"},"modified":"2025-11-14T10:44:43","modified_gmt":"2025-11-14T13:44:43","slug":"nutrex-lipo6-black-importada-usa","status":"publish","type":"product","link":"https:\/\/stayfit.com.ar\/?product=nutrex-lipo6-black-importada-usa","title":{"rendered":"LIPO6 BLACK IMPORTADO USA 60 caps NUTREX"},"content":{"rendered":"<p>DESCRIPCION:<br \/>\nLIPO-6 BLACK ULTRA CONCENTRATE es un quema grasas\u00a0muy potente.\u00a0Es tan fuerte que nunca puedes tomar m\u00e1s de una pastilla por porci\u00f3n. Esta es una ayuda para la p\u00e9rdida de grasa s\u00faper potente y ultra concentrada\u00a0que est\u00e1 dise\u00f1ada para ayudar completamente a su cuerpo a quemar grasa.<br \/>\nLIPO-6 BLACK UC ayuda a activar su metabolismo para estimular la quema de calor\u00edas.\u00a0Apoya el control del apetito para ayudar a prevenir los antojos de alimentos y comer en exceso.\u00a0Tambi\u00e9n promueve la energ\u00eda y el estado de alerta, por lo que puede mantener alto su nivel de actividad mientras hace dieta.<br \/>\nMODO DE USO:<br \/>\nTomar 1 c\u00e1psula por la ma\u00f1ana y 1 c\u00e1psula por la tarde.\u00a0No exceda de 1 c\u00e1psula por porci\u00f3n.\u00a0Nunca tome m\u00e1s de 2 porciones en un per\u00edodo de 24 horas.\u00a0Para obtener los mejores resultados, use diariamente durante un m\u00ednimo de 30 d\u00edas.<\/p>\n","protected":false},"excerpt":{"rendered":"<p>LIPO 6 BLACK ULTRA CONCENTRATE (IMPORTADO)<br \/>\nFormula &#8220;americana&#8221; con YOHIMBINA<br \/>\n60 capsulas.<\/p>\n","protected":false},"featured_media":21020,"template":"","meta":{"_monsterinsights_skip_tracking":false,"_monsterinsights_sitenote_active":false,"_monsterinsights_sitenote_note":"","_monsterinsights_sitenote_category":0},"product_brand":[],"product_cat":[186,152],"product_tag":[],"class_list":{"0":"post-16143","1":"product","2":"type-product","3":"status-publish","4":"has-post-thumbnail","6":"product_cat-importados","7":"product_cat-quemadores","9":"first","10":"instock","11":"taxable","12":"shipping-taxable","13":"purchasable","14":"product-type-simple"},"_links":{"self":[{"href":"https:\/\/stayfit.com.ar\/index.php?rest_route=\/wp\/v2\/product\/16143","targetHints":{"allow":["GET"]}}],"collection":[{"href":"https:\/\/stayfit.com.ar\/index.php?rest_route=\/wp\/v2\/product"}],"about":[{"href":"https:\/\/stayfit.com.ar\/index.php?rest_route=\/wp\/v2\/types\/product"}],"wp:featuredmedia":[{"embeddable":true,"href":"https:\/\/stayfit.com.ar\/index.php?rest_route=\/wp\/v2\/media\/21020"}],"wp:attachment":[{"href":"https:\/\/stayfit.com.ar\/index.php?rest_route=%2Fwp%2Fv2%2Fmedia&parent=16143"}],"wp:term":[{"taxonomy":"product_brand","embeddable":true,"href":"https:\/\/stayfit.com.ar\/index.php?rest_route=%2Fwp%2Fv2%2Fproduct_brand&post=16143"},{"taxonomy":"product_cat","embeddable":true,"href":"https:\/\/stayfit.com.ar\/index.php?rest_route=%2Fwp%2Fv2%2Fproduct_cat&post=16143"},{"taxonomy":"product_tag","embeddable":true,"href":"https:\/\/stayfit.com.ar\/index.php?rest_route=%2Fwp%2Fv2%2Fproduct_tag&post=16143"}],"curies":[{"name":"wp","href":"https:\/\/api.w.org\/{rel}","templated":true}]}}