{"id":16145,"date":"2023-01-11T18:27:38","date_gmt":"2023-01-11T21:27:38","guid":{"rendered":"https:\/\/stayfit.com.ar\/?post_type=product&#038;p=16145"},"modified":"2025-10-11T10:36:10","modified_gmt":"2025-10-11T13:36:10","slug":"nutrex-lipo6-black-hers-usa","status":"publish","type":"product","link":"https:\/\/stayfit.com.ar\/?product=nutrex-lipo6-black-hers-usa","title":{"rendered":"LIPO6 CLA USA 90 caps NUTREX"},"content":{"rendered":"<p>DESCRIPCION:<br \/>\nLIPO-6 CLA es una forma altamente concentrada del \u00e1cido linoleico conjugado natural.\u00a0Cuando se combina con ejercicio regular, CLA puede ayudarlo a obtener un cuerpo delgado.\u00a0Ayuda en el desarrollo de m\u00fasculos magros que a su vez apoya la quema de grasa natural a medida que el cuerpo quema calor\u00edas para mantener una funci\u00f3n muscular adecuada.\u00a0Al apoyar una mayor actividad metab\u00f3lica, LIPO-6 CLA ayuda a las personas que hacen dieta a lograr sus objetivos de composici\u00f3n corporal.<br \/>\nMODO DE USO:<br \/>\nTome 1 c\u00e1psula blanda por la ma\u00f1ana y 1 c\u00e1psula blanda por la noche, preferiblemente con una comida.<\/p>\n","protected":false},"excerpt":{"rendered":"<p>Suplemento dietario a base de extractos vegetales y vitaminas, en c\u00e1psulas.<br \/>\n30 SERVICIOS. | 6 EXT. NATURALES<\/p>\n","protected":false},"featured_media":16149,"template":"","meta":{"_monsterinsights_skip_tracking":false,"_monsterinsights_sitenote_active":false,"_monsterinsights_sitenote_note":"","_monsterinsights_sitenote_category":0},"product_brand":[],"product_cat":[186,152],"product_tag":[],"class_list":{"0":"post-16145","1":"product","2":"type-product","3":"status-publish","4":"has-post-thumbnail","6":"product_cat-importados","7":"product_cat-quemadores","9":"first","10":"instock","11":"taxable","12":"shipping-taxable","13":"product-type-simple"},"_links":{"self":[{"href":"https:\/\/stayfit.com.ar\/index.php?rest_route=\/wp\/v2\/product\/16145","targetHints":{"allow":["GET"]}}],"collection":[{"href":"https:\/\/stayfit.com.ar\/index.php?rest_route=\/wp\/v2\/product"}],"about":[{"href":"https:\/\/stayfit.com.ar\/index.php?rest_route=\/wp\/v2\/types\/product"}],"wp:featuredmedia":[{"embeddable":true,"href":"https:\/\/stayfit.com.ar\/index.php?rest_route=\/wp\/v2\/media\/16149"}],"wp:attachment":[{"href":"https:\/\/stayfit.com.ar\/index.php?rest_route=%2Fwp%2Fv2%2Fmedia&parent=16145"}],"wp:term":[{"taxonomy":"product_brand","embeddable":true,"href":"https:\/\/stayfit.com.ar\/index.php?rest_route=%2Fwp%2Fv2%2Fproduct_brand&post=16145"},{"taxonomy":"product_cat","embeddable":true,"href":"https:\/\/stayfit.com.ar\/index.php?rest_route=%2Fwp%2Fv2%2Fproduct_cat&post=16145"},{"taxonomy":"product_tag","embeddable":true,"href":"https:\/\/stayfit.com.ar\/index.php?rest_route=%2Fwp%2Fv2%2Fproduct_tag&post=16145"}],"curies":[{"name":"wp","href":"https:\/\/api.w.org\/{rel}","templated":true}]}}