{"id":16150,"date":"2023-01-11T18:34:24","date_gmt":"2023-01-11T21:34:24","guid":{"rendered":"https:\/\/stayfit.com.ar\/?post_type=product&#038;p=16150"},"modified":"2025-10-11T10:36:12","modified_gmt":"2025-10-11T13:36:12","slug":"nutrex-lipo6-carnitina-usa","status":"publish","type":"product","link":"https:\/\/stayfit.com.ar\/?product=nutrex-lipo6-carnitina-usa","title":{"rendered":"LIPO6 CARNITINA USA 60caps NUTREX"},"content":{"rendered":"<p>DESCRIPCION:<br \/>\nL-Carnitina juega un papel metab\u00f3lico importante en la quema de grasa y la producci\u00f3n de energ\u00eda.\u00a0La investigaci\u00f3n cient\u00edfica ha demostrado que la L-Carnitina ayuda a su cuerpo a convertir la grasa en energ\u00eda.\u00a0La L-carnitina ayuda a aprovechar el suministro de grasa de su cuerpo al brindar apoyo para que los \u00e1cidos grasos se transporten a los m\u00fasculos, donde se pueden quemar como energ\u00eda.\u00a0Este proceso puede ayudar a perder peso y mejorar el rendimiento deportivo, como una mayor resistencia.<br \/>\nMODO DE USO:<br \/>\nTomar un servicio 30 minutos antes de hacer ejercicio con un vaso de agua o bebida de su elecci\u00f3n.<\/p>\n","protected":false},"excerpt":{"rendered":"<p>Suplemento dietario a base de extractos vegetales y vitaminas, en c\u00e1psulas.<br \/>\n30 SERVICIOS. | 6 EXT. NATURALES<\/p>\n","protected":false},"featured_media":16151,"template":"","meta":{"_monsterinsights_skip_tracking":false,"_monsterinsights_sitenote_active":false,"_monsterinsights_sitenote_note":"","_monsterinsights_sitenote_category":0},"product_brand":[],"product_cat":[186,152],"product_tag":[],"class_list":{"0":"post-16150","1":"product","2":"type-product","3":"status-publish","4":"has-post-thumbnail","6":"product_cat-importados","7":"product_cat-quemadores","9":"first","10":"instock","11":"taxable","12":"shipping-taxable","13":"product-type-simple"},"_links":{"self":[{"href":"https:\/\/stayfit.com.ar\/index.php?rest_route=\/wp\/v2\/product\/16150","targetHints":{"allow":["GET"]}}],"collection":[{"href":"https:\/\/stayfit.com.ar\/index.php?rest_route=\/wp\/v2\/product"}],"about":[{"href":"https:\/\/stayfit.com.ar\/index.php?rest_route=\/wp\/v2\/types\/product"}],"wp:featuredmedia":[{"embeddable":true,"href":"https:\/\/stayfit.com.ar\/index.php?rest_route=\/wp\/v2\/media\/16151"}],"wp:attachment":[{"href":"https:\/\/stayfit.com.ar\/index.php?rest_route=%2Fwp%2Fv2%2Fmedia&parent=16150"}],"wp:term":[{"taxonomy":"product_brand","embeddable":true,"href":"https:\/\/stayfit.com.ar\/index.php?rest_route=%2Fwp%2Fv2%2Fproduct_brand&post=16150"},{"taxonomy":"product_cat","embeddable":true,"href":"https:\/\/stayfit.com.ar\/index.php?rest_route=%2Fwp%2Fv2%2Fproduct_cat&post=16150"},{"taxonomy":"product_tag","embeddable":true,"href":"https:\/\/stayfit.com.ar\/index.php?rest_route=%2Fwp%2Fv2%2Fproduct_tag&post=16150"}],"curies":[{"name":"wp","href":"https:\/\/api.w.org\/{rel}","templated":true}]}}