{"id":16156,"date":"2023-01-12T11:37:01","date_gmt":"2023-01-12T14:37:01","guid":{"rendered":"https:\/\/stayfit.com.ar\/?post_type=product&#038;p=16156"},"modified":"2025-10-11T10:36:12","modified_gmt":"2025-10-11T13:36:12","slug":"universal-fish-oil","status":"publish","type":"product","link":"https:\/\/stayfit.com.ar\/?product=universal-fish-oil","title":{"rendered":"FISH OIL 100caps UNIVERSAL"},"content":{"rendered":"<p>DESCRIPCION:<br \/>\nEl nuevo\u00a0Universal Fish Oil\u00a0contiene los m\u00e1s puros aceites de pescado omega-3 molecularmente destilado extra\u00eddos de las fuentes de m\u00e1s alta calidad as\u00ed como el salm\u00f3n, la sardina, la caballa, la anchoa y el arenque. Cada c\u00e1psula de Universal Fish Oil contiene una potente dosis de los extractos de aceite de pescado principales, como el EPA (\u00c1cido Eicosapentaenoico)y el DHA (\u00c1cido Docosahexaenoico).<br \/>\nMODO DE USO:<\/p>\n<p>como suplemento nutricional, tomar 1-3 c\u00e1psulas al d\u00eda o seg\u00fan las indicaciones de su profesional nutricionista.<\/p>\n","protected":false},"excerpt":{"rendered":"<p>&#8211; Contenido: 100 softgels.<br \/>\n&#8211; Porci\u00f3n: 1 softgel.<br \/>\n&#8211; Servicios (porciones) por envase: 100 servicios.<\/p>\n","protected":false},"featured_media":16157,"template":"","meta":{"_monsterinsights_skip_tracking":false,"_monsterinsights_sitenote_active":false,"_monsterinsights_sitenote_note":"","_monsterinsights_sitenote_category":0},"product_brand":[],"product_cat":[187,186],"product_tag":[],"class_list":{"0":"post-16156","1":"product","2":"type-product","3":"status-publish","4":"has-post-thumbnail","6":"product_cat-fish-oil","7":"product_cat-importados","9":"first","10":"instock","11":"taxable","12":"shipping-taxable","13":"product-type-simple"},"_links":{"self":[{"href":"https:\/\/stayfit.com.ar\/index.php?rest_route=\/wp\/v2\/product\/16156","targetHints":{"allow":["GET"]}}],"collection":[{"href":"https:\/\/stayfit.com.ar\/index.php?rest_route=\/wp\/v2\/product"}],"about":[{"href":"https:\/\/stayfit.com.ar\/index.php?rest_route=\/wp\/v2\/types\/product"}],"wp:featuredmedia":[{"embeddable":true,"href":"https:\/\/stayfit.com.ar\/index.php?rest_route=\/wp\/v2\/media\/16157"}],"wp:attachment":[{"href":"https:\/\/stayfit.com.ar\/index.php?rest_route=%2Fwp%2Fv2%2Fmedia&parent=16156"}],"wp:term":[{"taxonomy":"product_brand","embeddable":true,"href":"https:\/\/stayfit.com.ar\/index.php?rest_route=%2Fwp%2Fv2%2Fproduct_brand&post=16156"},{"taxonomy":"product_cat","embeddable":true,"href":"https:\/\/stayfit.com.ar\/index.php?rest_route=%2Fwp%2Fv2%2Fproduct_cat&post=16156"},{"taxonomy":"product_tag","embeddable":true,"href":"https:\/\/stayfit.com.ar\/index.php?rest_route=%2Fwp%2Fv2%2Fproduct_tag&post=16156"}],"curies":[{"name":"wp","href":"https:\/\/api.w.org\/{rel}","templated":true}]}}