{"id":16356,"date":"2023-01-18T17:22:40","date_gmt":"2023-01-18T20:22:40","guid":{"rendered":"https:\/\/stayfit.com.ar\/?post_type=product&#038;p=16356"},"modified":"2026-04-11T13:49:20","modified_gmt":"2026-04-11T16:49:20","slug":"mutant-mass-5-kilos-creatina-monohidrato-300-gramos","status":"publish","type":"product","link":"https:\/\/stayfit.com.ar\/?product=mutant-mass-5-kilos-creatina-monohidrato-300-gramos","title":{"rendered":"MUTANT MASS 5kg + CREATINA MONOHIDRATO 300gr DOYPACK STAR NUTRITION"},"content":{"rendered":"<p>DESCRIPCION MUTANT MASS:<br \/>\nMutant Mass es un ganador de peso con alto contenido de prote\u00ednas.<br \/>\nAumentar el volumen muscular requiere un entrenamiento duro y una nutrici\u00f3n adecuada.\u00a0Cada cuerpo es diferente y algunos requieren de un extra para lograr su objetivo.<br \/>\nMutant Mass aporta esa cantidad extra de prote\u00ednas, carbohidratos, minerales, vitaminas y fibras espec\u00edficas para cumplir tus metas.<br \/>\nSe recomienda: Consumir MUTANT MASS junto con una porci\u00f3n (5G) de CREATINE MONOHYDRATE de Star Nutrition para mejores resultados.<br \/>\nMODO DE USO MUTANT MASS:<br \/>\nMezclar 2 medidas colmadas en 400cm3 de agua o leche descremada.<br \/>\nConsumir 1 o 2 porciones diarias seg\u00fan tus necesidades cal\u00f3ricas.<\/p>\n<p>DESCRIPCION CREATINA:<br \/>\nLa creatina micronizada es la uni\u00f3n de tres amino\u00e1cidos que ofrece mayores ventajas que la creatina normal, mejorando su asimilaci\u00f3n.<br \/>\nLa creatina monohidrato es recomendada durante un plan de entrenamiento para aumentar la fuerza, resistencia y recuperaci\u00f3n.<br \/>\nMODO DE USO CREATINA:<br \/>\nDurante los primeros 4 d\u00edas, consumir 4 porciones diarias, y los d\u00edas siguientes consumir una o dos porciones diarias preferentemente con el est\u00f3mgo vac\u00edo.<\/p>\n","protected":false},"excerpt":{"rendered":"<p>Este combo te ayudara a incrementar tu masa muscular gracias<br \/>\na MUTANT MASS STAR NUTRITION y mejorar tu resistencia y rendimiento f\u00edsico a la hora de entrenar con la creatina monohidrato de star nutrition<\/p>\n","protected":false},"featured_media":50381,"template":"","meta":{"_monsterinsights_skip_tracking":false,"_monsterinsights_sitenote_active":false,"_monsterinsights_sitenote_note":"","_monsterinsights_sitenote_category":0},"product_brand":[],"product_cat":[192,129],"product_tag":[],"class_list":{"0":"post-16356","1":"product","2":"type-product","3":"status-publish","4":"has-post-thumbnail","6":"product_cat-combos","7":"product_cat-star-nutrition","9":"first","10":"instock","11":"taxable","12":"shipping-taxable","13":"purchasable","14":"product-type-simple"},"_links":{"self":[{"href":"https:\/\/stayfit.com.ar\/index.php?rest_route=\/wp\/v2\/product\/16356","targetHints":{"allow":["GET"]}}],"collection":[{"href":"https:\/\/stayfit.com.ar\/index.php?rest_route=\/wp\/v2\/product"}],"about":[{"href":"https:\/\/stayfit.com.ar\/index.php?rest_route=\/wp\/v2\/types\/product"}],"wp:featuredmedia":[{"embeddable":true,"href":"https:\/\/stayfit.com.ar\/index.php?rest_route=\/wp\/v2\/media\/50381"}],"wp:attachment":[{"href":"https:\/\/stayfit.com.ar\/index.php?rest_route=%2Fwp%2Fv2%2Fmedia&parent=16356"}],"wp:term":[{"taxonomy":"product_brand","embeddable":true,"href":"https:\/\/stayfit.com.ar\/index.php?rest_route=%2Fwp%2Fv2%2Fproduct_brand&post=16356"},{"taxonomy":"product_cat","embeddable":true,"href":"https:\/\/stayfit.com.ar\/index.php?rest_route=%2Fwp%2Fv2%2Fproduct_cat&post=16356"},{"taxonomy":"product_tag","embeddable":true,"href":"https:\/\/stayfit.com.ar\/index.php?rest_route=%2Fwp%2Fv2%2Fproduct_tag&post=16356"}],"curies":[{"name":"wp","href":"https:\/\/api.w.org\/{rel}","templated":true}]}}