{"id":16362,"date":"2023-01-19T18:29:41","date_gmt":"2023-01-19T21:29:41","guid":{"rendered":"https:\/\/stayfit.com.ar\/?post_type=product&#038;p=16362"},"modified":"2025-08-27T14:49:16","modified_gmt":"2025-08-27T17:49:16","slug":"iso-whey-ripped-907-gramos-ripped-v8-60-caps","status":"publish","type":"product","link":"https:\/\/stayfit.com.ar\/?product=iso-whey-ripped-907-gramos-ripped-v8-60-caps","title":{"rendered":"<strong>ISO WHEY RIPPED 907gr + RIPPED V8 60caps STAR NUTRITION<\/strong>"},"content":{"rendered":"<p>DESCRIPCION ISO WHEY:<br \/>\nCompuesta por ultra concentrado, aislado e hidrolizado de suero de m\u00e1xima pureza, obtenido por m\u00e9todos no agresivos que garantizan la calidad y estabilidad del producto.<br \/>\nSu agradable sabor y alta disoluci\u00f3n lo determinan en la opci\u00f3n inteligente a la hora de agregar prote\u00ednas de alto valor deportivo biol\u00f3gico a nuestra dieta, o como parte de un programa nutricional.<br \/>\n100% PROTE\u00cdNA Fuente natural de amino\u00e1cidos esenciales, amino\u00e1cidos de cadena ramificada y Glutamina.<br \/>\nMODO DE USO ISO WHEY:<br \/>\nMezclar 1 medida (32 g) de Iso Whey Ripped Evolution en 300cm3 de agua fr\u00eda o leche descremada.<br \/>\nConsumir Iso Whey Ripped Evolution entre 30 y 60 minutos antes de las dos comidas m\u00e1s importantes del d\u00eda.<\/p>\n<p>DESCRIPCION RIPPED V8:<br \/>\nRipped V8 es el nuevo producto de Star Nutrition con una f\u00f3rmula 100% renovada.<br \/>\nContiene los 8 ingredientes activos que necesitas para entrenar intensamente, por m\u00e1s tiempo, con mayor volumen de sangre en los m\u00fasculos y s\u00faper motivado.<br \/>\nAdem\u00e1s es muy bajo en calor\u00edas y tiene un sabor delicioso y refrescante.<br \/>\nSin ingredientes de relleno.<br \/>\nMODO DE USO CREATINA:<br \/>\nConsumir 2 c\u00e1psulas diarias o como lo indique su m\u00e9dico.<\/p>\n","protected":false},"excerpt":{"rendered":"<p>Este combo te ayudara a incrementar tu masa muscular gracias<br \/>\na ISO WHEY STAR NUTRITION y mejorar tu resistencia y rendimiento f\u00edsico a la hora de entrenar con PRE ENTRENO V8 STAR NUTRITION<\/p>\n","protected":false},"featured_media":16363,"template":"","meta":{"_monsterinsights_skip_tracking":false,"_monsterinsights_sitenote_active":false,"_monsterinsights_sitenote_note":"","_monsterinsights_sitenote_category":0},"product_brand":[],"product_cat":[192],"product_tag":[],"class_list":{"0":"post-16362","1":"product","2":"type-product","3":"status-publish","4":"has-post-thumbnail","6":"product_cat-combos","8":"first","9":"instock","10":"taxable","11":"shipping-taxable","12":"product-type-simple"},"_links":{"self":[{"href":"https:\/\/stayfit.com.ar\/index.php?rest_route=\/wp\/v2\/product\/16362","targetHints":{"allow":["GET"]}}],"collection":[{"href":"https:\/\/stayfit.com.ar\/index.php?rest_route=\/wp\/v2\/product"}],"about":[{"href":"https:\/\/stayfit.com.ar\/index.php?rest_route=\/wp\/v2\/types\/product"}],"wp:featuredmedia":[{"embeddable":true,"href":"https:\/\/stayfit.com.ar\/index.php?rest_route=\/wp\/v2\/media\/16363"}],"wp:attachment":[{"href":"https:\/\/stayfit.com.ar\/index.php?rest_route=%2Fwp%2Fv2%2Fmedia&parent=16362"}],"wp:term":[{"taxonomy":"product_brand","embeddable":true,"href":"https:\/\/stayfit.com.ar\/index.php?rest_route=%2Fwp%2Fv2%2Fproduct_brand&post=16362"},{"taxonomy":"product_cat","embeddable":true,"href":"https:\/\/stayfit.com.ar\/index.php?rest_route=%2Fwp%2Fv2%2Fproduct_cat&post=16362"},{"taxonomy":"product_tag","embeddable":true,"href":"https:\/\/stayfit.com.ar\/index.php?rest_route=%2Fwp%2Fv2%2Fproduct_tag&post=16362"}],"curies":[{"name":"wp","href":"https:\/\/api.w.org\/{rel}","templated":true}]}}