{"id":16367,"date":"2023-01-19T18:47:04","date_gmt":"2023-01-19T21:47:04","guid":{"rendered":"https:\/\/stayfit.com.ar\/?post_type=product&#038;p=16367"},"modified":"2026-04-14T20:35:10","modified_gmt":"2026-04-14T23:35:10","slug":"combo-platinum-best-whey-3-kilos-creatina-monohidrato-250-gramos","status":"publish","type":"product","link":"https:\/\/stayfit.com.ar\/?product=combo-platinum-best-whey-3-kilos-creatina-monohidrato-250-gramos","title":{"rendered":"BEST WHEY 3kg + CREATINA MICRONIZADA 250gr XTRENGHT"},"content":{"rendered":"<p>DESCRIPCION BEST WHEY:<br \/>\nNuestra prote\u00edna de suero l\u00e1cteo de avanzada es considerada por expertos y profesionales como la mejor y m\u00e1s completa del mercado nacional.<br \/>\nEs la primera prote\u00edna de la Argentina potenciada con la exclusiva combinaci\u00f3n de Creatina, Taurina y Enzimas Digestivas.<br \/>\nNuestra f\u00f3rmula les proporciona a tus m\u00fasculos todo lo que necesitan para crecer y recuperarse, con r\u00e1pida absorci\u00f3n y bajos niveles de grasas, carbohidratos y lactosa<br \/>\nMODO DE USO BEST WHEY:<br \/>\nAgregar 1 medida colmada de\u00a0BEST WHEY\u00a0\u00a0en 200 ml de agua o leche fr\u00eda. Mezclar directamente en un vaso con una cuchara o mezclar en una licuadora o shaker durante unos 15 segundos.<br \/>\nTomar 2-3 porciones diarias.<\/p>\n<p>DESCRIPCION CREATINA:<br \/>\nDiversos estudios han demostrado que, a trav\u00e9s de la incorporaci\u00f3n de Creatina a tu suplementaci\u00f3n, tu potencia y energ\u00eda se incrementan considerablemente. El consumo de Creatina es clave para ejercicios que llevan menos de 10 segundos, como las repeticiones con mancuernas. La clave de este ingrediente es que desarrolla r\u00e1pidamente la energ\u00eda celular, y esto mejora la resistencia para potenciar el crecimiento de tus m\u00fasculos.<br \/>\nMODO DE USO CREATINA:<br \/>\nlos primeros cinco d\u00edas (fase de carga*) se debe incorporar 24 gramos diarios. Una vez superado este proceso, a partir del sexto d\u00eda (fase de entrenamiento) se reduce a 15 gramos. Los d\u00edas de entrenamiento tomarlo por la ma\u00f1ana e inmediatamente despu\u00e9s del ejercicio. El resto de los d\u00edas, hacerlo por la ma\u00f1ana y repetir en cualquier momento del d\u00eda. Por otro lado, beber 10 vasos de agua por d\u00eda favorece la absorci\u00f3n de creatina y ayuda a mantener un buen estado de hidrataci\u00f3n corporal.<\/p>\n","protected":false},"excerpt":{"rendered":"<p>Este combo te ayudara a incrementar tu masa muscular gracias<br \/>\na BEST WHEY XTRENGHT y mejorar tu resistencia y rendimiento f\u00edsico a la hora de entrenar con la CREATINA XTRENGHT MONOHIDRATO<\/p>\n","protected":false},"featured_media":16368,"template":"","meta":{"_monsterinsights_skip_tracking":false,"_monsterinsights_sitenote_active":false,"_monsterinsights_sitenote_note":"","_monsterinsights_sitenote_category":0},"product_brand":[],"product_cat":[192,133],"product_tag":[],"class_list":{"0":"post-16367","1":"product","2":"type-product","3":"status-publish","4":"has-post-thumbnail","6":"product_cat-combos","7":"product_cat-xtrenght","9":"first","10":"outofstock","11":"taxable","12":"shipping-taxable","13":"purchasable","14":"product-type-simple"},"_links":{"self":[{"href":"https:\/\/stayfit.com.ar\/index.php?rest_route=\/wp\/v2\/product\/16367","targetHints":{"allow":["GET"]}}],"collection":[{"href":"https:\/\/stayfit.com.ar\/index.php?rest_route=\/wp\/v2\/product"}],"about":[{"href":"https:\/\/stayfit.com.ar\/index.php?rest_route=\/wp\/v2\/types\/product"}],"wp:featuredmedia":[{"embeddable":true,"href":"https:\/\/stayfit.com.ar\/index.php?rest_route=\/wp\/v2\/media\/16368"}],"wp:attachment":[{"href":"https:\/\/stayfit.com.ar\/index.php?rest_route=%2Fwp%2Fv2%2Fmedia&parent=16367"}],"wp:term":[{"taxonomy":"product_brand","embeddable":true,"href":"https:\/\/stayfit.com.ar\/index.php?rest_route=%2Fwp%2Fv2%2Fproduct_brand&post=16367"},{"taxonomy":"product_cat","embeddable":true,"href":"https:\/\/stayfit.com.ar\/index.php?rest_route=%2Fwp%2Fv2%2Fproduct_cat&post=16367"},{"taxonomy":"product_tag","embeddable":true,"href":"https:\/\/stayfit.com.ar\/index.php?rest_route=%2Fwp%2Fv2%2Fproduct_tag&post=16367"}],"curies":[{"name":"wp","href":"https:\/\/api.w.org\/{rel}","templated":true}]}}