{"id":16375,"date":"2023-01-19T19:10:08","date_gmt":"2023-01-19T22:10:08","guid":{"rendered":"https:\/\/stayfit.com.ar\/?post_type=product&#038;p=16375"},"modified":"2026-04-11T15:51:30","modified_gmt":"2026-04-11T18:51:30","slug":"combo-100-whey-protein-2-267-kilos-creatina-monohidrato-300-gramos","status":"publish","type":"product","link":"https:\/\/stayfit.com.ar\/?product=combo-100-whey-protein-2-267-kilos-creatina-monohidrato-300-gramos","title":{"rendered":"100% WHEY 2.267kg + CREATINA MONOHIDRATO 300gr GOLD NUTRITION"},"content":{"rendered":"<p>DESCRIPCION PROTE\u00cdNA:<br \/>\n100% Whey Protein\u00a0est\u00e1 dise\u00f1ada para cualquier persona que quiera complementar sus objetivos nutricionales y f\u00edsicos.<br \/>\nGold Nutrition\u00a0garantiza el mejor concentrado disponible que podr\u00e1 encontrar en el mercado.\u00a0100% WHEY PROTEIN\u00a0puede considerarse como el m\u00e1ximo standard en calidad y pureza demostrado por laboratorios.<br \/>\nAdem\u00e1s al tomarla, se disfruta como cualquier batido frutal gracias a sus saborizantes naturales \u00fanicos.<br \/>\nMODO DE USO PROTE\u00cdNA:<br \/>\nIngesta diaria: 2 medidas (cada medida aporta 25 grs). Consumir 1 medida a media ma\u00f1ana y una a media tarde, o bien, 1 media hora antes de entrenar y 1 media hora despu\u00e9s de entrenar.<br \/>\nDiluir cada medida (25 gramos) con 150-200 cc de leche o agua.<\/p>\n<p>DESCRIPCION CREATINA:<br \/>\nCREATINE MONOHYDRATE de\u00a0GOLD NUTRITION\u00a0contiene la f\u00f3rmula de creatina m\u00e1s avanzada.<br \/>\nUn potente aporte de energ\u00eda extra para los m\u00fasculos en deportes anaer\u00f3bicos y aer\u00f3bicos que precisan periodos de fuerza cortos e intensos.<br \/>\nAproximadamente el 95% de la creatina del cuerpo se encuentra en el m\u00fasculo esquel\u00e9tico.<br \/>\nEl rendimiento atl\u00e9tico se ver\u00e1 mejorado, permitiendo mayor trabajo bajo tensi\u00f3n, reclutando un mayor n\u00famero de fibras, siendo por tanto, un mayor n\u00famero de ellas estimuladas.<br \/>\nMODO DE USO CREATINA:<br \/>\nFase inicial de Carga: Durante la primera semana consumir 5gs 2 veces al d\u00eda entre las comidas.<br \/>\nFase de Mantenimiento: Comienza la segunda semana con 5gs una vez al d\u00eda lejos de las comidas o 90 min antes del entrenamiento<\/p>\n","protected":false},"excerpt":{"rendered":"<p>Este combo te ayudara a incrementar tu masa muscular gracias<br \/>\na 100% WHEY PROTEIN GOLD NUTRITION y mejorar tu resistencia y rendimiento f\u00edsico a la hora de entrenar con la CREATINA MONOHIDRATO GOLD NUTRITION<\/p>\n","protected":false},"featured_media":16376,"template":"","meta":{"_monsterinsights_skip_tracking":false,"_monsterinsights_sitenote_active":false,"_monsterinsights_sitenote_note":"","_monsterinsights_sitenote_category":0},"product_brand":[],"product_cat":[192,141],"product_tag":[],"class_list":{"0":"post-16375","1":"product","2":"type-product","3":"status-publish","4":"has-post-thumbnail","6":"product_cat-combos","7":"product_cat-gold-nutrition","9":"first","10":"instock","11":"taxable","12":"shipping-taxable","13":"purchasable","14":"product-type-simple"},"_links":{"self":[{"href":"https:\/\/stayfit.com.ar\/index.php?rest_route=\/wp\/v2\/product\/16375","targetHints":{"allow":["GET"]}}],"collection":[{"href":"https:\/\/stayfit.com.ar\/index.php?rest_route=\/wp\/v2\/product"}],"about":[{"href":"https:\/\/stayfit.com.ar\/index.php?rest_route=\/wp\/v2\/types\/product"}],"wp:featuredmedia":[{"embeddable":true,"href":"https:\/\/stayfit.com.ar\/index.php?rest_route=\/wp\/v2\/media\/16376"}],"wp:attachment":[{"href":"https:\/\/stayfit.com.ar\/index.php?rest_route=%2Fwp%2Fv2%2Fmedia&parent=16375"}],"wp:term":[{"taxonomy":"product_brand","embeddable":true,"href":"https:\/\/stayfit.com.ar\/index.php?rest_route=%2Fwp%2Fv2%2Fproduct_brand&post=16375"},{"taxonomy":"product_cat","embeddable":true,"href":"https:\/\/stayfit.com.ar\/index.php?rest_route=%2Fwp%2Fv2%2Fproduct_cat&post=16375"},{"taxonomy":"product_tag","embeddable":true,"href":"https:\/\/stayfit.com.ar\/index.php?rest_route=%2Fwp%2Fv2%2Fproduct_tag&post=16375"}],"curies":[{"name":"wp","href":"https:\/\/api.w.org\/{rel}","templated":true}]}}