{"id":16381,"date":"2023-01-19T19:26:45","date_gmt":"2023-01-19T22:26:45","guid":{"rendered":"https:\/\/stayfit.com.ar\/?post_type=product&#038;p=16381"},"modified":"2026-04-09T21:47:18","modified_gmt":"2026-04-10T00:47:18","slug":"combo-just-plant-protein-907-gramos-creatina-monohidrato-300-gramos","status":"publish","type":"product","link":"https:\/\/stayfit.com.ar\/?product=combo-just-plant-protein-907-gramos-creatina-monohidrato-300-gramos","title":{"rendered":"JUST PLANT PROTEIN 907gr + CREATINA MONOHIDRATO ULTRAFILTRADA 300gr DOYPACK STAR NUTRITION"},"content":{"rendered":"<p>DESCRIPCION PROTE\u00cdNA:<br \/>\nCompuesta por ultra concentrado de suero de m\u00e1xima pureza, obtenida por m\u00e9todos no agresivos que garantizan la calidad y estabilidad del producto.<br \/>\nSin endulzantes, colorantes ni saborizantes solo 100% concentrado de prote\u00ednas<br \/>\n100% NATURAL GRASS FED PROTEIN<br \/>\nFuente natural de amino\u00e1cidos, amino\u00e1cidos de cadena ramificada y Glutamina.<br \/>\nMODO DE USO PROTE\u00cdNA:<br \/>\nDiluir 1 medida (30g) de just Whey en 200cm3 de agua o leche descremada.<br \/>\nConsumir 1 hora antes del entrenamiento, luego del mismo o simplemente en cualquier momento del d\u00eda para alcanzar tus necesidades proteicas.<\/p>\n<p>DESCRIPCION CREATINA:<br \/>\nLa creatina micronizada es la uni\u00f3n de tres amino\u00e1cidos que ofrece mayores ventajas que la creatina normal, mejorando su asimilaci\u00f3n.<br \/>\nLa creatina monohidrato es recomendada durante un plan de entrenamiento para aumentar la fuerza, resistencia y recuperaci\u00f3n.<br \/>\nMODO DE USO CREATINA:<br \/>\nConsumir 5 gramos (1 cucharada de te al ras) todos los dias, entrenes o no.<\/p>\n","protected":false},"excerpt":{"rendered":"<p>Este combo te ayudara a incrementar tu masa muscular gracias<br \/>\na JUST PLANT PROTEIN STAR NUTRITION y mejorar tu resistencia y rendimiento f\u00edsico a la hora de entrenar con la CREATINA MONOHIDRATO STAR NUTRITION<\/p>\n","protected":false},"featured_media":50294,"template":"","meta":{"_monsterinsights_skip_tracking":false,"_monsterinsights_sitenote_active":false,"_monsterinsights_sitenote_note":"","_monsterinsights_sitenote_category":0},"product_brand":[],"product_cat":[192,129],"product_tag":[],"class_list":{"0":"post-16381","1":"product","2":"type-product","3":"status-publish","4":"has-post-thumbnail","6":"product_cat-combos","7":"product_cat-star-nutrition","9":"first","10":"instock","11":"taxable","12":"shipping-taxable","13":"purchasable","14":"product-type-simple"},"_links":{"self":[{"href":"https:\/\/stayfit.com.ar\/index.php?rest_route=\/wp\/v2\/product\/16381","targetHints":{"allow":["GET"]}}],"collection":[{"href":"https:\/\/stayfit.com.ar\/index.php?rest_route=\/wp\/v2\/product"}],"about":[{"href":"https:\/\/stayfit.com.ar\/index.php?rest_route=\/wp\/v2\/types\/product"}],"wp:featuredmedia":[{"embeddable":true,"href":"https:\/\/stayfit.com.ar\/index.php?rest_route=\/wp\/v2\/media\/50294"}],"wp:attachment":[{"href":"https:\/\/stayfit.com.ar\/index.php?rest_route=%2Fwp%2Fv2%2Fmedia&parent=16381"}],"wp:term":[{"taxonomy":"product_brand","embeddable":true,"href":"https:\/\/stayfit.com.ar\/index.php?rest_route=%2Fwp%2Fv2%2Fproduct_brand&post=16381"},{"taxonomy":"product_cat","embeddable":true,"href":"https:\/\/stayfit.com.ar\/index.php?rest_route=%2Fwp%2Fv2%2Fproduct_cat&post=16381"},{"taxonomy":"product_tag","embeddable":true,"href":"https:\/\/stayfit.com.ar\/index.php?rest_route=%2Fwp%2Fv2%2Fproduct_tag&post=16381"}],"curies":[{"name":"wp","href":"https:\/\/api.w.org\/{rel}","templated":true}]}}