{"id":16383,"date":"2023-01-19T19:31:15","date_gmt":"2023-01-19T22:31:15","guid":{"rendered":"https:\/\/stayfit.com.ar\/?post_type=product&#038;p=16383"},"modified":"2026-04-11T15:51:30","modified_gmt":"2026-04-11T18:51:30","slug":"combo-veggie-protein-isolate-907-gramos-creatina-monohidrato-300-gramos","status":"publish","type":"product","link":"https:\/\/stayfit.com.ar\/?product=combo-veggie-protein-isolate-907-gramos-creatina-monohidrato-300-gramos","title":{"rendered":"VEGETAL PROTEIN ISOLATE 907gr + CREATINA MONOHIDRATO 300gr GOLD NUTRITION"},"content":{"rendered":"<p>DESCRIPCION PROTE\u00cdNA:<br \/>\nNUEVA PROTE\u00cdNA ISOLADA 100% VEGETAL<br \/>\n\u201cAHORA SIN SOJA\u201d y\u00a0Sin T.A.C.C.<br \/>\n\u00a1Te presentamos la prote\u00edna natural m\u00e1s pura que existe!<br \/>\nUn blend perfectamente aislada con un aporte de 30g de prote\u00edna natural por dosis, altamente rica en amino\u00e1cidos de cadena ramificada y amino\u00e1cidos esenciales. Fortificada con Vitamina B12<br \/>\nAdem\u00e1s tiene\u00a0CERO %\u00a0de carbohidratos y endulzada con stevia!<br \/>\nMODO DE USO PROTE\u00cdNA:<br \/>\nDiluir en un shaker GOLD NUTRITION 1 medida \u201ccolmada\u201d 35gs. en 350\/400ml de\u00a0leche vegetal o agua.<br \/>\nVar\u00ede la cantidad de l\u00edquido para lograr el sabor y la consistencia deseada.\u00a0Batir y consumir.<\/p>\n<p>DESCRIPCION CREATINA:<br \/>\nCREATINE MONOHYDRATE de\u00a0GOLD NUTRITION\u00a0contiene la f\u00f3rmula de creatina m\u00e1s avanzada.<br \/>\nUn potente aporte de energ\u00eda extra para los m\u00fasculos en deportes anaer\u00f3bicos y aer\u00f3bicos que precisan periodos de fuerza cortos e intensos.<br \/>\nAproximadamente el 95% de la creatina del cuerpo se encuentra en el m\u00fasculo esquel\u00e9tico.<br \/>\nEl rendimiento atl\u00e9tico se ver\u00e1 mejorado, permitiendo mayor trabajo bajo tensi\u00f3n, reclutando un mayor n\u00famero de fibras, siendo por tanto, un mayor n\u00famero de ellas estimuladas.<br \/>\nMODO DE USO CREATINA:<br \/>\nFase inicial de Carga: Durante la primera semana consumir 5gs 2 veces al d\u00eda entre las comidas.<br \/>\nFase de Mantenimiento: Comienza la segunda semana con 5gs una vez al d\u00eda lejos de las comidas o 90 min antes del entrenamiento<\/p>\n","protected":false},"excerpt":{"rendered":"<p>Este combo te ayudara a incrementar tu masa muscular gracias<br \/>\na VEGGIE PROTEIN GOLD NUTRITION y mejorar tu resistencia y rendimiento f\u00edsico a la hora de entrenar con la CREATINA MONOHIDRATO GOLD NUTRITION<\/p>\n","protected":false},"featured_media":16384,"template":"","meta":{"_monsterinsights_skip_tracking":false,"_monsterinsights_sitenote_active":false,"_monsterinsights_sitenote_note":"","_monsterinsights_sitenote_category":0},"product_brand":[],"product_cat":[192,141,196],"product_tag":[],"class_list":{"0":"post-16383","1":"product","2":"type-product","3":"status-publish","4":"has-post-thumbnail","6":"product_cat-combos","7":"product_cat-gold-nutrition","8":"product_cat-vegan","10":"first","11":"instock","12":"taxable","13":"shipping-taxable","14":"purchasable","15":"product-type-simple"},"_links":{"self":[{"href":"https:\/\/stayfit.com.ar\/index.php?rest_route=\/wp\/v2\/product\/16383","targetHints":{"allow":["GET"]}}],"collection":[{"href":"https:\/\/stayfit.com.ar\/index.php?rest_route=\/wp\/v2\/product"}],"about":[{"href":"https:\/\/stayfit.com.ar\/index.php?rest_route=\/wp\/v2\/types\/product"}],"wp:featuredmedia":[{"embeddable":true,"href":"https:\/\/stayfit.com.ar\/index.php?rest_route=\/wp\/v2\/media\/16384"}],"wp:attachment":[{"href":"https:\/\/stayfit.com.ar\/index.php?rest_route=%2Fwp%2Fv2%2Fmedia&parent=16383"}],"wp:term":[{"taxonomy":"product_brand","embeddable":true,"href":"https:\/\/stayfit.com.ar\/index.php?rest_route=%2Fwp%2Fv2%2Fproduct_brand&post=16383"},{"taxonomy":"product_cat","embeddable":true,"href":"https:\/\/stayfit.com.ar\/index.php?rest_route=%2Fwp%2Fv2%2Fproduct_cat&post=16383"},{"taxonomy":"product_tag","embeddable":true,"href":"https:\/\/stayfit.com.ar\/index.php?rest_route=%2Fwp%2Fv2%2Fproduct_tag&post=16383"}],"curies":[{"name":"wp","href":"https:\/\/api.w.org\/{rel}","templated":true}]}}