{"id":16401,"date":"2023-01-20T12:09:25","date_gmt":"2023-01-20T15:09:25","guid":{"rendered":"https:\/\/stayfit.com.ar\/?post_type=product&#038;p=16401"},"modified":"2026-04-11T15:51:34","modified_gmt":"2026-04-11T18:51:34","slug":"veggie-protein-isolate-2lbs","status":"publish","type":"product","link":"https:\/\/stayfit.com.ar\/?product=veggie-protein-isolate-2lbs","title":{"rendered":"VEGETAL PROTEIN ISOLATE 2lbs GOLD NUTRITION"},"content":{"rendered":"<p>DESCRIPCION:<br \/>\nTe presentamos la prote\u00edna natural m\u00e1s pura que existe!<br \/>\nUn blend perfectamente aislada con un aporte de 30g de prote\u00edna natural por dosis, altamente rica en amino\u00e1cidos de cadena ramificada y amino\u00e1cidos esenciales. Fortificada con Vitamina B12<br \/>\nAdem\u00e1s tiene CERO % de carbohidratos y endulzada con Stevia!<br \/>\nMODO DE USO:<br \/>\nDiluir en un shaker GOLD NUTRITION 1 medida \u201ccolmada\u201d 35gs. en 350\/400ml de\u00a0leche vegetal o agua.<br \/>\nVar\u00ede la cantidad de l\u00edquido para lograr el sabor y la consistencia deseada.\u00a0Batir y consumir.<\/p>\n","protected":false},"excerpt":{"rendered":"<p>Suplemento diet\u00e9tico en polvo para preparar bebida a base de prote\u00ednas<br \/>\n2 LIBRAS |\u00a030 SERVICIOS\u00a0|\u00a025GR DE PROTE\u00cdNA X SERV.<\/p>\n","protected":false},"featured_media":16402,"template":"","meta":{"_monsterinsights_skip_tracking":false,"_monsterinsights_sitenote_active":false,"_monsterinsights_sitenote_note":"","_monsterinsights_sitenote_category":0},"product_brand":[],"product_cat":[141,146,196],"product_tag":[],"class_list":{"0":"post-16401","1":"product","2":"type-product","3":"status-publish","4":"has-post-thumbnail","6":"product_cat-gold-nutrition","7":"product_cat-proteinas","8":"product_cat-vegan","10":"first","11":"instock","12":"taxable","13":"shipping-taxable","14":"purchasable","15":"product-type-variable"},"_links":{"self":[{"href":"https:\/\/stayfit.com.ar\/index.php?rest_route=\/wp\/v2\/product\/16401","targetHints":{"allow":["GET"]}}],"collection":[{"href":"https:\/\/stayfit.com.ar\/index.php?rest_route=\/wp\/v2\/product"}],"about":[{"href":"https:\/\/stayfit.com.ar\/index.php?rest_route=\/wp\/v2\/types\/product"}],"wp:featuredmedia":[{"embeddable":true,"href":"https:\/\/stayfit.com.ar\/index.php?rest_route=\/wp\/v2\/media\/16402"}],"wp:attachment":[{"href":"https:\/\/stayfit.com.ar\/index.php?rest_route=%2Fwp%2Fv2%2Fmedia&parent=16401"}],"wp:term":[{"taxonomy":"product_brand","embeddable":true,"href":"https:\/\/stayfit.com.ar\/index.php?rest_route=%2Fwp%2Fv2%2Fproduct_brand&post=16401"},{"taxonomy":"product_cat","embeddable":true,"href":"https:\/\/stayfit.com.ar\/index.php?rest_route=%2Fwp%2Fv2%2Fproduct_cat&post=16401"},{"taxonomy":"product_tag","embeddable":true,"href":"https:\/\/stayfit.com.ar\/index.php?rest_route=%2Fwp%2Fv2%2Fproduct_tag&post=16401"}],"curies":[{"name":"wp","href":"https:\/\/api.w.org\/{rel}","templated":true}]}}