{"id":16408,"date":"2023-01-20T12:22:24","date_gmt":"2023-01-20T15:22:24","guid":{"rendered":"https:\/\/stayfit.com.ar\/?post_type=product&#038;p=16408"},"modified":"2026-05-12T23:58:53","modified_gmt":"2026-05-13T02:58:53","slug":"hmb-star-nutrition-180caps","status":"publish","type":"product","link":"https:\/\/stayfit.com.ar\/?product=hmb-star-nutrition-180caps","title":{"rendered":"HMB 180caps STAR NUTRITION"},"content":{"rendered":"<p>DESCRIPCION:<br \/>\nStar Nutrition HMB es Calcio, Hidroxy-Beta y Metilbutarato Mono Hidrato. Es un metabolito del amino\u00e1cido ramificado Leucina , que posee un efecto anab\u00f3lico y anti catab\u00f3lico cient\u00edficamente comprobado. Esta F\u00f3rmula fue desarrollada en Estados Unidos. Cuando es tomada correctamente y en conjunto con un plan de entrenamiento m\u00e1s una nutrici\u00f3n adecuada el estado f\u00edsico mejora significativamente.<br \/>\nHMB (Hydroxy Methyl Butyric acid) es sintetizado naturalmente en el cuerpo humano. Juega un rol fundamental en la s\u00edntesis de prote\u00edna, proceso imprescindible para el aumento y mantenimiento del tejido muscular.<\/p>\n<p>MODO DE USO: Tomar 2 c\u00e1psulas de 500 Mg (1000 Mg diarios) por d\u00eda. Preferentemente con la comida.<\/p>\n","protected":false},"excerpt":{"rendered":"<p>DENOMINACI\u00d3N:<br \/>\nSUPLEMENTO DIETARIO DIET\u00c9TICO A BASE DE LEUCINA, BETA ALANINA, VALINA, ISOLEUCINA, TIROSINA, COL\u00c1GENO HIDROLIZADO Y VITAMINA B3,\u00a0 180 capsulas<\/p>\n","protected":false},"featured_media":16409,"template":"","meta":{"_monsterinsights_skip_tracking":false,"_monsterinsights_sitenote_active":false,"_monsterinsights_sitenote_note":"","_monsterinsights_sitenote_category":0},"product_brand":[],"product_cat":[124,129],"product_tag":[],"class_list":{"0":"post-16408","1":"product","2":"type-product","3":"status-publish","4":"has-post-thumbnail","6":"product_cat-aminoacidos","7":"product_cat-star-nutrition","9":"first","10":"instock","11":"taxable","12":"shipping-taxable","13":"purchasable","14":"product-type-simple"},"_links":{"self":[{"href":"https:\/\/stayfit.com.ar\/index.php?rest_route=\/wp\/v2\/product\/16408","targetHints":{"allow":["GET"]}}],"collection":[{"href":"https:\/\/stayfit.com.ar\/index.php?rest_route=\/wp\/v2\/product"}],"about":[{"href":"https:\/\/stayfit.com.ar\/index.php?rest_route=\/wp\/v2\/types\/product"}],"wp:featuredmedia":[{"embeddable":true,"href":"https:\/\/stayfit.com.ar\/index.php?rest_route=\/wp\/v2\/media\/16409"}],"wp:attachment":[{"href":"https:\/\/stayfit.com.ar\/index.php?rest_route=%2Fwp%2Fv2%2Fmedia&parent=16408"}],"wp:term":[{"taxonomy":"product_brand","embeddable":true,"href":"https:\/\/stayfit.com.ar\/index.php?rest_route=%2Fwp%2Fv2%2Fproduct_brand&post=16408"},{"taxonomy":"product_cat","embeddable":true,"href":"https:\/\/stayfit.com.ar\/index.php?rest_route=%2Fwp%2Fv2%2Fproduct_cat&post=16408"},{"taxonomy":"product_tag","embeddable":true,"href":"https:\/\/stayfit.com.ar\/index.php?rest_route=%2Fwp%2Fv2%2Fproduct_tag&post=16408"}],"curies":[{"name":"wp","href":"https:\/\/api.w.org\/{rel}","templated":true}]}}