{"id":16412,"date":"2023-01-20T12:32:55","date_gmt":"2023-01-20T15:32:55","guid":{"rendered":"https:\/\/stayfit.com.ar\/?post_type=product&#038;p=16412"},"modified":"2026-03-27T09:22:31","modified_gmt":"2026-03-27T12:22:31","slug":"l-citruline-malate-300gr-sin-sabor","status":"publish","type":"product","link":"https:\/\/stayfit.com.ar\/?product=l-citruline-malate-300gr-sin-sabor","title":{"rendered":"L-CITRULINE MALATE 300gr SIN SABOR STAR NUTRITION"},"content":{"rendered":"<p>DESCRIPCION:<br \/>\nLa L-Citrulline Malate es una forma m\u00e1s eficiente de L-Citrulina, ya que al combinarse con Malato o \u00c1cido M\u00e1lico se hace m\u00e1s estable en el cuerpo que la L-Citrulina convencional.<\/p>\n<p>MODO DE USO: Disolver 1 porci\u00f3n (7 gr = 1 cucharada de t\u00e9 colmada) en 500 cm3 de agua fr\u00eda, 60 minutos antes del entrenamiento o como lo indique su especialista.<\/p>\n","protected":false},"excerpt":{"rendered":"<p>DENOMINACI\u00d3N:<br \/>\nSuplemento diet\u00e9tico a base de L-Citrulina Malato.<br \/>\n300G |\u00a042 SERV.\u00a0|\u00a07000MG L-CITRULINA MALATO X SERV.<br \/>\nMEJORA LA RENDIMIENTO |\u00a0PRECURSOR DE \u00d3XIDO N\u00cdTRICO<br \/>\nMAYOR BOMBEO DE SANGRE HACIA LOS M\u00daSCULOS<br \/>\nENTRENAMIENTOS M\u00c1S LARGOS, MENOS DOLOR, MEJOR RECUPERACI\u00d3N<\/p>\n","protected":false},"featured_media":16413,"template":"","meta":{"_monsterinsights_skip_tracking":false,"_monsterinsights_sitenote_active":false,"_monsterinsights_sitenote_note":"","_monsterinsights_sitenote_category":0},"product_brand":[],"product_cat":[194,129],"product_tag":[],"class_list":{"0":"post-16412","1":"product","2":"type-product","3":"status-publish","4":"has-post-thumbnail","6":"product_cat-citrulinas","7":"product_cat-star-nutrition","9":"first","10":"instock","11":"taxable","12":"shipping-taxable","13":"purchasable","14":"product-type-simple"},"_links":{"self":[{"href":"https:\/\/stayfit.com.ar\/index.php?rest_route=\/wp\/v2\/product\/16412","targetHints":{"allow":["GET"]}}],"collection":[{"href":"https:\/\/stayfit.com.ar\/index.php?rest_route=\/wp\/v2\/product"}],"about":[{"href":"https:\/\/stayfit.com.ar\/index.php?rest_route=\/wp\/v2\/types\/product"}],"wp:featuredmedia":[{"embeddable":true,"href":"https:\/\/stayfit.com.ar\/index.php?rest_route=\/wp\/v2\/media\/16413"}],"wp:attachment":[{"href":"https:\/\/stayfit.com.ar\/index.php?rest_route=%2Fwp%2Fv2%2Fmedia&parent=16412"}],"wp:term":[{"taxonomy":"product_brand","embeddable":true,"href":"https:\/\/stayfit.com.ar\/index.php?rest_route=%2Fwp%2Fv2%2Fproduct_brand&post=16412"},{"taxonomy":"product_cat","embeddable":true,"href":"https:\/\/stayfit.com.ar\/index.php?rest_route=%2Fwp%2Fv2%2Fproduct_cat&post=16412"},{"taxonomy":"product_tag","embeddable":true,"href":"https:\/\/stayfit.com.ar\/index.php?rest_route=%2Fwp%2Fv2%2Fproduct_tag&post=16412"}],"curies":[{"name":"wp","href":"https:\/\/api.w.org\/{rel}","templated":true}]}}