{"id":16414,"date":"2023-01-20T12:38:57","date_gmt":"2023-01-20T15:38:57","guid":{"rendered":"https:\/\/stayfit.com.ar\/?post_type=product&#038;p=16414"},"modified":"2025-11-24T18:15:10","modified_gmt":"2025-11-24T21:15:10","slug":"wild-pre-workout-400gr-gentech","status":"publish","type":"product","link":"https:\/\/stayfit.com.ar\/?product=wild-pre-workout-400gr-gentech","title":{"rendered":"WILD PRE WORKOUT 400gr GENTECH"},"content":{"rendered":"<p>DESCRIPCION:<br \/>\nPRE WORKOUT WILD CON BETA ALANINA<br \/>\nEste no es solo un pre-workout, el pre entreno wild de Gentech es tu game changer. Dise\u00f1ado para quienes exigen lo mejor de s\u00ed mismos en cada sesi\u00f3n, WILD combina la m\u00e1s avanzada tecnolog\u00eda en nutrici\u00f3n deportiva con un delicioso sabor a frutos del bosque. \ud83c\udf47<\/p>\n<p>INGREDIENTES:<br \/>\nCREATINA MONOHIDRATO, BETA ALANINA, L-CITRULINA MALATO, L-ARGININA, L-TIROSINA, TAURINA, EXTRACTO SECO DE MAQUI, VITAMINA C (ACIDO ASCORBICO), ALFA-GLICERIL FOSFORILCOLINA (A-GPC), CAFEINA ANHIDRA, EXTRACTO SECO DE GINSENG PANAX, EXTRACTO SECO DE GUARANA, EXTRACTO SECO DE ASTRAGALO, VITAMINA B6 (PIRIDOXINA), VITAMINA B12 (CIANOCOBALAMINA), ACI (INS 330), EDU (INS 955, INS 967), ARO, ANAH (INS 551), SEC (INS 296). PUEDE CONTENER DERIVADOS DE LECHE, SOJA, HUEVOS Y MAN\u00cd. CONTIENE CAFE\u00cdNA.<\/p>\n<p>MODO DE USO:<br \/>\n20 minutos antes del entrenamiento. Verter 3 scoop de 6,8g (20g) en 180 o 200 cc de agua fr\u00eda y mezclar con shaker o batidor, y esta listo para consumir.<\/p>\n","protected":false},"excerpt":{"rendered":"<p>PRE WORKOUT WILD CON BETA ALANINA<br \/>\nEste no es solo un pre-workout, el pre entreno wild de Gentech es tu game changer. Dise\u00f1ado para quienes exigen lo mejor de s\u00ed mismos en cada sesi\u00f3n, WILD combina la m\u00e1s avanzada tecnolog\u00eda en nutrici\u00f3n deportiva con un delicioso sabor a frutos del bosque. \ud83c\udf47<br \/>\n400 gramos | Energ\u00eda + Concentraci\u00f3n + Resistencia<\/p>\n","protected":false},"featured_media":22433,"template":"","meta":{"_monsterinsights_skip_tracking":false,"_monsterinsights_sitenote_active":false,"_monsterinsights_sitenote_note":"","_monsterinsights_sitenote_category":0},"product_brand":[],"product_cat":[147,155],"product_tag":[],"class_list":{"0":"post-16414","1":"product","2":"type-product","3":"status-publish","4":"has-post-thumbnail","6":"product_cat-gentech","7":"product_cat-pre-entrenos","9":"first","10":"instock","11":"taxable","12":"shipping-taxable","13":"purchasable","14":"product-type-simple"},"_links":{"self":[{"href":"https:\/\/stayfit.com.ar\/index.php?rest_route=\/wp\/v2\/product\/16414","targetHints":{"allow":["GET"]}}],"collection":[{"href":"https:\/\/stayfit.com.ar\/index.php?rest_route=\/wp\/v2\/product"}],"about":[{"href":"https:\/\/stayfit.com.ar\/index.php?rest_route=\/wp\/v2\/types\/product"}],"wp:featuredmedia":[{"embeddable":true,"href":"https:\/\/stayfit.com.ar\/index.php?rest_route=\/wp\/v2\/media\/22433"}],"wp:attachment":[{"href":"https:\/\/stayfit.com.ar\/index.php?rest_route=%2Fwp%2Fv2%2Fmedia&parent=16414"}],"wp:term":[{"taxonomy":"product_brand","embeddable":true,"href":"https:\/\/stayfit.com.ar\/index.php?rest_route=%2Fwp%2Fv2%2Fproduct_brand&post=16414"},{"taxonomy":"product_cat","embeddable":true,"href":"https:\/\/stayfit.com.ar\/index.php?rest_route=%2Fwp%2Fv2%2Fproduct_cat&post=16414"},{"taxonomy":"product_tag","embeddable":true,"href":"https:\/\/stayfit.com.ar\/index.php?rest_route=%2Fwp%2Fv2%2Fproduct_tag&post=16414"}],"curies":[{"name":"wp","href":"https:\/\/api.w.org\/{rel}","templated":true}]}}