{"id":16424,"date":"2023-01-20T13:09:49","date_gmt":"2023-01-20T16:09:49","guid":{"rendered":"https:\/\/stayfit.com.ar\/?post_type=product&#038;p=16424"},"modified":"2025-11-24T18:15:11","modified_gmt":"2025-11-24T21:15:11","slug":"carnitina-gentech-90caps","status":"publish","type":"product","link":"https:\/\/stayfit.com.ar\/?product=carnitina-gentech-90caps","title":{"rendered":"CARNITINA 90caps GENTECH"},"content":{"rendered":"<p>DESCRIPCION:<br \/>\nMejora la oxidaci\u00f3n de los \u00e1cidos grasos. Incrementa los niveles de VO2 MAX y disminuye la acumulaci\u00f3n de lactato en plasma durante el ejercicio. Su presentaci\u00f3n en c\u00e1psulas facilita su absorci\u00f3n y consumo.<br \/>\nMODO DE USO:<br \/>\nConsumir 1 capsula antes del almuerzo, 1 antes del entrenamiento y 1 antes de la cena.<\/p>\n","protected":false},"excerpt":{"rendered":"<p>CARNITINA\u00a0 es un amino\u00e1cido transportador del\u00a0 azucar y las grasas de la mitocondria donde se realiza el ciclo de krebs produciendo ATP, esto acelera la oxidaci\u00f3n de los \u00e1cidos grasos y los glucidos favoreciendo su eliminaci\u00f3n de utilizarlas como combustible obteniendo mejoras en el rendimiento y recuperaci\u00f3n tras el ejercicio. 90 CAPS<\/p>\n","protected":false},"featured_media":16425,"template":"","meta":{"_monsterinsights_skip_tracking":false,"_monsterinsights_sitenote_active":false,"_monsterinsights_sitenote_note":"","_monsterinsights_sitenote_category":0},"product_brand":[],"product_cat":[151,147],"product_tag":[],"class_list":{"0":"post-16424","1":"product","2":"type-product","3":"status-publish","4":"has-post-thumbnail","6":"product_cat-carnitinas","7":"product_cat-gentech","9":"first","10":"instock","11":"taxable","12":"shipping-taxable","13":"purchasable","14":"product-type-simple"},"_links":{"self":[{"href":"https:\/\/stayfit.com.ar\/index.php?rest_route=\/wp\/v2\/product\/16424","targetHints":{"allow":["GET"]}}],"collection":[{"href":"https:\/\/stayfit.com.ar\/index.php?rest_route=\/wp\/v2\/product"}],"about":[{"href":"https:\/\/stayfit.com.ar\/index.php?rest_route=\/wp\/v2\/types\/product"}],"wp:featuredmedia":[{"embeddable":true,"href":"https:\/\/stayfit.com.ar\/index.php?rest_route=\/wp\/v2\/media\/16425"}],"wp:attachment":[{"href":"https:\/\/stayfit.com.ar\/index.php?rest_route=%2Fwp%2Fv2%2Fmedia&parent=16424"}],"wp:term":[{"taxonomy":"product_brand","embeddable":true,"href":"https:\/\/stayfit.com.ar\/index.php?rest_route=%2Fwp%2Fv2%2Fproduct_brand&post=16424"},{"taxonomy":"product_cat","embeddable":true,"href":"https:\/\/stayfit.com.ar\/index.php?rest_route=%2Fwp%2Fv2%2Fproduct_cat&post=16424"},{"taxonomy":"product_tag","embeddable":true,"href":"https:\/\/stayfit.com.ar\/index.php?rest_route=%2Fwp%2Fv2%2Fproduct_tag&post=16424"}],"curies":[{"name":"wp","href":"https:\/\/api.w.org\/{rel}","templated":true}]}}