{"id":16426,"date":"2023-01-20T13:14:38","date_gmt":"2023-01-20T16:14:38","guid":{"rendered":"https:\/\/stayfit.com.ar\/?post_type=product&#038;p=16426"},"modified":"2025-11-24T18:15:11","modified_gmt":"2025-11-24T21:15:11","slug":"nitric-oxide-90-caps","status":"publish","type":"product","link":"https:\/\/stayfit.com.ar\/?product=nitric-oxide-90-caps","title":{"rendered":"NITRIC OXIDE 90caps GENTECH"},"content":{"rendered":"<p>DESCRIPCION:<br \/>\nEl \u00f3xido n\u00edtrico es un compuesto muy importante para la fisiolog\u00eda de nuestro organismo. Act\u00faa como vasodilatador haciendo que la sangre circule a mayor velocidad, aumentando as\u00ed el aporte de ox\u00edgeno y de nutrientes a los m\u00fasculos. Esto permite mejorar el rendimiento durante el entrenamiento, la recuperaci\u00f3n del m\u00fasculo y el aumento de su capacidad de crecimiento.<br \/>\nMODO DE USO:<br \/>\nTomar 3 c\u00e1psulas por d\u00eda. Consumir 45 minutos antes de entrenar<\/p>\n","protected":false},"excerpt":{"rendered":"<p>Suplemento diet\u00e9tico a base de L-Arginina AKG, L-Citrulina Malato, L-Ornitina AKG y L-Citrulina en capsulas<br \/>\n90 caps| VASODILATADOR | ULTRACONCENTRADO<\/p>\n","protected":false},"featured_media":16427,"template":"","meta":{"_monsterinsights_skip_tracking":false,"_monsterinsights_sitenote_active":false,"_monsterinsights_sitenote_note":"","_monsterinsights_sitenote_category":0},"product_brand":[],"product_cat":[147,156],"product_tag":[],"class_list":{"0":"post-16426","1":"product","2":"type-product","3":"status-publish","4":"has-post-thumbnail","6":"product_cat-gentech","7":"product_cat-oxidos-nitricos","9":"first","10":"instock","11":"taxable","12":"shipping-taxable","13":"purchasable","14":"product-type-simple"},"_links":{"self":[{"href":"https:\/\/stayfit.com.ar\/index.php?rest_route=\/wp\/v2\/product\/16426","targetHints":{"allow":["GET"]}}],"collection":[{"href":"https:\/\/stayfit.com.ar\/index.php?rest_route=\/wp\/v2\/product"}],"about":[{"href":"https:\/\/stayfit.com.ar\/index.php?rest_route=\/wp\/v2\/types\/product"}],"wp:featuredmedia":[{"embeddable":true,"href":"https:\/\/stayfit.com.ar\/index.php?rest_route=\/wp\/v2\/media\/16427"}],"wp:attachment":[{"href":"https:\/\/stayfit.com.ar\/index.php?rest_route=%2Fwp%2Fv2%2Fmedia&parent=16426"}],"wp:term":[{"taxonomy":"product_brand","embeddable":true,"href":"https:\/\/stayfit.com.ar\/index.php?rest_route=%2Fwp%2Fv2%2Fproduct_brand&post=16426"},{"taxonomy":"product_cat","embeddable":true,"href":"https:\/\/stayfit.com.ar\/index.php?rest_route=%2Fwp%2Fv2%2Fproduct_cat&post=16426"},{"taxonomy":"product_tag","embeddable":true,"href":"https:\/\/stayfit.com.ar\/index.php?rest_route=%2Fwp%2Fv2%2Fproduct_tag&post=16426"}],"curies":[{"name":"wp","href":"https:\/\/api.w.org\/{rel}","templated":true}]}}