{"id":16428,"date":"2023-01-20T14:38:33","date_gmt":"2023-01-20T17:38:33","guid":{"rendered":"https:\/\/stayfit.com.ar\/?post_type=product&#038;p=16428"},"modified":"2026-04-11T15:51:30","modified_gmt":"2026-04-11T18:51:30","slug":"hydrolyze-collagen-60-caps","status":"publish","type":"product","link":"https:\/\/stayfit.com.ar\/?product=hydrolyze-collagen-60-caps","title":{"rendered":"HYDROLYZED COLLAGEN  60caps GOLD NUTRITION"},"content":{"rendered":"<p>DESCRIPCION:<br \/>\nLos beneficios del col\u00e1geno\u00a0en nuestro cuerpo son innumerables.<br \/>\n2 c\u00e1psulas\u00a0diarias de nuestro\u00a0HYDROLYZED COLLAGEN +\u00c1cido Hialur\u00f3nico +Coenzima Q10 + Vitamina C\u00a0es tan beneficiosa para una piel sana, como para las u\u00f1as, el cabello,\u00a0los huesos y las articulaciones<br \/>\nMODO DE USO:<br \/>\nConsumir solo 2 c\u00e1psulas por d\u00eda, acompa\u00f1adas por un vaso con agua, jugo, infusi\u00f3n o cualquier bebida preferida.<\/p>\n","protected":false},"excerpt":{"rendered":"<p>Hydrolyzed Collagen\u00a0 en c\u00e1psulas de Age-Biologique es un suplemento dietario a base de Col\u00e1geno Hidrolizado,\u00a0\u00c1cido Hialur\u00f3nico,\u00a0Coenzima Q10\u00a0y Vitamina C 60 capsulas<\/p>\n","protected":false},"featured_media":16429,"template":"","meta":{"_monsterinsights_skip_tracking":false,"_monsterinsights_sitenote_active":false,"_monsterinsights_sitenote_note":"","_monsterinsights_sitenote_category":0},"product_brand":[],"product_cat":[158,141],"product_tag":[],"class_list":{"0":"post-16428","1":"product","2":"type-product","3":"status-publish","4":"has-post-thumbnail","6":"product_cat-colagenos","7":"product_cat-gold-nutrition","9":"first","10":"instock","11":"taxable","12":"shipping-taxable","13":"purchasable","14":"product-type-simple"},"_links":{"self":[{"href":"https:\/\/stayfit.com.ar\/index.php?rest_route=\/wp\/v2\/product\/16428","targetHints":{"allow":["GET"]}}],"collection":[{"href":"https:\/\/stayfit.com.ar\/index.php?rest_route=\/wp\/v2\/product"}],"about":[{"href":"https:\/\/stayfit.com.ar\/index.php?rest_route=\/wp\/v2\/types\/product"}],"wp:featuredmedia":[{"embeddable":true,"href":"https:\/\/stayfit.com.ar\/index.php?rest_route=\/wp\/v2\/media\/16429"}],"wp:attachment":[{"href":"https:\/\/stayfit.com.ar\/index.php?rest_route=%2Fwp%2Fv2%2Fmedia&parent=16428"}],"wp:term":[{"taxonomy":"product_brand","embeddable":true,"href":"https:\/\/stayfit.com.ar\/index.php?rest_route=%2Fwp%2Fv2%2Fproduct_brand&post=16428"},{"taxonomy":"product_cat","embeddable":true,"href":"https:\/\/stayfit.com.ar\/index.php?rest_route=%2Fwp%2Fv2%2Fproduct_cat&post=16428"},{"taxonomy":"product_tag","embeddable":true,"href":"https:\/\/stayfit.com.ar\/index.php?rest_route=%2Fwp%2Fv2%2Fproduct_tag&post=16428"}],"curies":[{"name":"wp","href":"https:\/\/api.w.org\/{rel}","templated":true}]}}