{"id":16432,"date":"2023-01-20T14:46:25","date_gmt":"2023-01-20T17:46:25","guid":{"rendered":"https:\/\/stayfit.com.ar\/?post_type=product&#038;p=16432"},"modified":"2026-05-12T23:58:53","modified_gmt":"2026-05-13T02:58:53","slug":"l-arginina-gh-150gr","status":"publish","type":"product","link":"https:\/\/stayfit.com.ar\/?product=l-arginina-gh-150gr","title":{"rendered":"L-ARGININA GH 150gr STAR NUTRITION"},"content":{"rendered":"<p>DESCRIPCION:<br \/>\nStar Nutrition L-arginina GH Evolution contiene L-arginina, es un bloque qu\u00edmico fundamental llamado \u00abamino\u00e1cido\u00bb. Se obtiene a partir de la dieta y es necesaria para el cuerpo para producir prote\u00ednas. La L-arginina se encuentra en la carne roja, en la carne de aves y los productos l\u00e1cteos. Tambi\u00e9n se puede hacer en el laboratorio y usar como medicamento.<br \/>\nMODO DE USO:<\/p>\n<p>Consumir una porci\u00f3n una hora antes del entrenamiento o por las noches.\u00a0Tama\u00f1o de la porci\u00f3n: 6gr (1 cucharada colmada)<\/p>\n","protected":false},"excerpt":{"rendered":"<p>\u00a0+ Mejora el rendimiento y desarrollo muscular<br \/>\n+ Aumentar el flujo sangu\u00edneo a los m\u00fasculos.<br \/>\n<span style=\"font-size: 16px;\">+ Favorece la reducci\u00f3n de grasa.<br \/>\n+ Colabora con la desintoxicaci\u00f3n del h\u00edgado<\/p>\n","protected":false},"featured_media":16433,"template":"","meta":{"_monsterinsights_skip_tracking":false,"_monsterinsights_sitenote_active":false,"_monsterinsights_sitenote_note":"","_monsterinsights_sitenote_category":0},"product_brand":[],"product_cat":[172,129],"product_tag":[],"class_list":{"0":"post-16432","1":"product","2":"type-product","3":"status-publish","4":"has-post-thumbnail","6":"product_cat-argininas","7":"product_cat-star-nutrition","9":"first","10":"instock","11":"taxable","12":"shipping-taxable","13":"purchasable","14":"product-type-simple"},"_links":{"self":[{"href":"https:\/\/stayfit.com.ar\/index.php?rest_route=\/wp\/v2\/product\/16432","targetHints":{"allow":["GET"]}}],"collection":[{"href":"https:\/\/stayfit.com.ar\/index.php?rest_route=\/wp\/v2\/product"}],"about":[{"href":"https:\/\/stayfit.com.ar\/index.php?rest_route=\/wp\/v2\/types\/product"}],"wp:featuredmedia":[{"embeddable":true,"href":"https:\/\/stayfit.com.ar\/index.php?rest_route=\/wp\/v2\/media\/16433"}],"wp:attachment":[{"href":"https:\/\/stayfit.com.ar\/index.php?rest_route=%2Fwp%2Fv2%2Fmedia&parent=16432"}],"wp:term":[{"taxonomy":"product_brand","embeddable":true,"href":"https:\/\/stayfit.com.ar\/index.php?rest_route=%2Fwp%2Fv2%2Fproduct_brand&post=16432"},{"taxonomy":"product_cat","embeddable":true,"href":"https:\/\/stayfit.com.ar\/index.php?rest_route=%2Fwp%2Fv2%2Fproduct_cat&post=16432"},{"taxonomy":"product_tag","embeddable":true,"href":"https:\/\/stayfit.com.ar\/index.php?rest_route=%2Fwp%2Fv2%2Fproduct_tag&post=16432"}],"curies":[{"name":"wp","href":"https:\/\/api.w.org\/{rel}","templated":true}]}}