{"id":16437,"date":"2023-01-20T14:58:35","date_gmt":"2023-01-20T17:58:35","guid":{"rendered":"https:\/\/stayfit.com.ar\/?post_type=product&#038;p=16437"},"modified":"2026-03-15T23:01:16","modified_gmt":"2026-03-16T02:01:16","slug":"shaker-xtrenght","status":"publish","type":"product","link":"https:\/\/stayfit.com.ar\/?product=shaker-xtrenght","title":{"rendered":"SHAKER XTRENGHT 500ml"},"content":{"rendered":"<p>DESCRIPCION:<br \/>\nPara mezclas sin grumos, presentamos el Vaso Batidor XTRENGHT. Un modelo Ideal para aquellos productos en polvo que requieran de una excelente disoluci\u00f3n. G\u00e9nero: Unisex. Adecuado para: acondicionamiento f\u00edsico, aumento de fuerza y resistencia muscular, entrenamiento, entrenamiento funcional \/ crosfit, uso diario. Presenta en su interior aro en forma de estrella. Capacidad m\u00e1xima: 500cc. Composici\u00f3n: pl\u00e1stico<\/p>\n","protected":false},"excerpt":{"rendered":"<p>Vaso mezclador XTRENGHT 500ML<\/p>\n","protected":false},"featured_media":16438,"template":"","meta":{"_monsterinsights_skip_tracking":false,"_monsterinsights_sitenote_active":false,"_monsterinsights_sitenote_note":"","_monsterinsights_sitenote_category":0},"product_brand":[],"product_cat":[160,133],"product_tag":[],"class_list":{"0":"post-16437","1":"product","2":"type-product","3":"status-publish","4":"has-post-thumbnail","6":"product_cat-shakers","7":"product_cat-xtrenght","9":"first","10":"instock","11":"taxable","12":"shipping-taxable","13":"purchasable","14":"product-type-simple"},"_links":{"self":[{"href":"https:\/\/stayfit.com.ar\/index.php?rest_route=\/wp\/v2\/product\/16437","targetHints":{"allow":["GET"]}}],"collection":[{"href":"https:\/\/stayfit.com.ar\/index.php?rest_route=\/wp\/v2\/product"}],"about":[{"href":"https:\/\/stayfit.com.ar\/index.php?rest_route=\/wp\/v2\/types\/product"}],"wp:featuredmedia":[{"embeddable":true,"href":"https:\/\/stayfit.com.ar\/index.php?rest_route=\/wp\/v2\/media\/16438"}],"wp:attachment":[{"href":"https:\/\/stayfit.com.ar\/index.php?rest_route=%2Fwp%2Fv2%2Fmedia&parent=16437"}],"wp:term":[{"taxonomy":"product_brand","embeddable":true,"href":"https:\/\/stayfit.com.ar\/index.php?rest_route=%2Fwp%2Fv2%2Fproduct_brand&post=16437"},{"taxonomy":"product_cat","embeddable":true,"href":"https:\/\/stayfit.com.ar\/index.php?rest_route=%2Fwp%2Fv2%2Fproduct_cat&post=16437"},{"taxonomy":"product_tag","embeddable":true,"href":"https:\/\/stayfit.com.ar\/index.php?rest_route=%2Fwp%2Fv2%2Fproduct_tag&post=16437"}],"curies":[{"name":"wp","href":"https:\/\/api.w.org\/{rel}","templated":true}]}}