{"id":16442,"date":"2023-01-20T15:02:35","date_gmt":"2023-01-20T18:02:35","guid":{"rendered":"https:\/\/stayfit.com.ar\/?post_type=product&#038;p=16442"},"modified":"2026-05-12T23:58:53","modified_gmt":"2026-05-13T02:58:53","slug":"shaker-star-nutrition-500-ml","status":"publish","type":"product","link":"https:\/\/stayfit.com.ar\/?product=shaker-star-nutrition-500-ml","title":{"rendered":"SHAKER STAR NUTRITION PUMP V8 500ml"},"content":{"rendered":"<p>DESCRIPCION:<br \/>\nPara mezclas sin grumos, presentamos el Vaso Batidor STAR NUTRITION. Un modelo Ideal para aquellos productos en polvo que requieran de una excelente disoluci\u00f3n.<br \/>\nG\u00e9nero: Unisex.<br \/>\nPresenta en su interior aro en forma de estrella para disolver grumos.<br \/>\nCapacidad m\u00e1xima: 500cc. Composici\u00f3n: pl\u00e1stico duradero.<\/p>\n","protected":false},"excerpt":{"rendered":"<p>Vaso mezclador PUMP V8 Star Nutrition<br \/>\nCapacidad: 500 ml.<\/p>\n","protected":false},"featured_media":16443,"template":"","meta":{"_monsterinsights_skip_tracking":false,"_monsterinsights_sitenote_active":false,"_monsterinsights_sitenote_note":"","_monsterinsights_sitenote_category":0},"product_brand":[],"product_cat":[160,129],"product_tag":[],"class_list":{"0":"post-16442","1":"product","2":"type-product","3":"status-publish","4":"has-post-thumbnail","6":"product_cat-shakers","7":"product_cat-star-nutrition","9":"first","10":"instock","11":"taxable","12":"shipping-taxable","13":"purchasable","14":"product-type-simple"},"_links":{"self":[{"href":"https:\/\/stayfit.com.ar\/index.php?rest_route=\/wp\/v2\/product\/16442","targetHints":{"allow":["GET"]}}],"collection":[{"href":"https:\/\/stayfit.com.ar\/index.php?rest_route=\/wp\/v2\/product"}],"about":[{"href":"https:\/\/stayfit.com.ar\/index.php?rest_route=\/wp\/v2\/types\/product"}],"wp:featuredmedia":[{"embeddable":true,"href":"https:\/\/stayfit.com.ar\/index.php?rest_route=\/wp\/v2\/media\/16443"}],"wp:attachment":[{"href":"https:\/\/stayfit.com.ar\/index.php?rest_route=%2Fwp%2Fv2%2Fmedia&parent=16442"}],"wp:term":[{"taxonomy":"product_brand","embeddable":true,"href":"https:\/\/stayfit.com.ar\/index.php?rest_route=%2Fwp%2Fv2%2Fproduct_brand&post=16442"},{"taxonomy":"product_cat","embeddable":true,"href":"https:\/\/stayfit.com.ar\/index.php?rest_route=%2Fwp%2Fv2%2Fproduct_cat&post=16442"},{"taxonomy":"product_tag","embeddable":true,"href":"https:\/\/stayfit.com.ar\/index.php?rest_route=%2Fwp%2Fv2%2Fproduct_tag&post=16442"}],"curies":[{"name":"wp","href":"https:\/\/api.w.org\/{rel}","templated":true}]}}