{"id":16444,"date":"2023-01-20T15:04:56","date_gmt":"2023-01-20T18:04:56","guid":{"rendered":"https:\/\/stayfit.com.ar\/?post_type=product&#038;p=16444"},"modified":"2025-08-27T14:49:21","modified_gmt":"2025-08-27T17:49:21","slug":"shaker-body-advance-750ml","status":"publish","type":"product","link":"https:\/\/stayfit.com.ar\/?product=shaker-body-advance-750ml","title":{"rendered":"<strong>SHAKER BODY ADVANCE GOLD 750ml<\/strong>"},"content":{"rendered":"<p>DESCRIPCION:<br \/>\nPara mezclas sin grumos, presentamos el Vaso Batidor LANDERLAND. Un modelo Ideal para aquellos productos en polvo que requieran de una excelente disoluci\u00f3n. G\u00e9nero: Unisex. Adecuado para: acondicionamiento f\u00edsico, aumento de fuerza y resistencia muscular, entrenamiento, entrenamiento funcional \/ crosfit, uso diario. Presenta en su interior aro en forma de estrella. Capacidad m\u00e1xima: 500cc. Composici\u00f3n: pl\u00e1stico<\/p>\n","protected":false},"excerpt":{"rendered":"<p>Vaso mezclador BODY ADVANCE 750ML<\/p>\n","protected":false},"featured_media":16445,"template":"","meta":{"_monsterinsights_skip_tracking":false,"_monsterinsights_sitenote_active":false,"_monsterinsights_sitenote_note":"","_monsterinsights_sitenote_category":0},"product_brand":[],"product_cat":[126,160],"product_tag":[],"class_list":{"0":"post-16444","1":"product","2":"type-product","3":"status-publish","4":"has-post-thumbnail","6":"product_cat-body-advance","7":"product_cat-shakers","9":"first","10":"instock","11":"taxable","12":"shipping-taxable","13":"product-type-simple"},"_links":{"self":[{"href":"https:\/\/stayfit.com.ar\/index.php?rest_route=\/wp\/v2\/product\/16444","targetHints":{"allow":["GET"]}}],"collection":[{"href":"https:\/\/stayfit.com.ar\/index.php?rest_route=\/wp\/v2\/product"}],"about":[{"href":"https:\/\/stayfit.com.ar\/index.php?rest_route=\/wp\/v2\/types\/product"}],"wp:featuredmedia":[{"embeddable":true,"href":"https:\/\/stayfit.com.ar\/index.php?rest_route=\/wp\/v2\/media\/16445"}],"wp:attachment":[{"href":"https:\/\/stayfit.com.ar\/index.php?rest_route=%2Fwp%2Fv2%2Fmedia&parent=16444"}],"wp:term":[{"taxonomy":"product_brand","embeddable":true,"href":"https:\/\/stayfit.com.ar\/index.php?rest_route=%2Fwp%2Fv2%2Fproduct_brand&post=16444"},{"taxonomy":"product_cat","embeddable":true,"href":"https:\/\/stayfit.com.ar\/index.php?rest_route=%2Fwp%2Fv2%2Fproduct_cat&post=16444"},{"taxonomy":"product_tag","embeddable":true,"href":"https:\/\/stayfit.com.ar\/index.php?rest_route=%2Fwp%2Fv2%2Fproduct_tag&post=16444"}],"curies":[{"name":"wp","href":"https:\/\/api.w.org\/{rel}","templated":true}]}}