{"id":16447,"date":"2023-01-20T15:09:04","date_gmt":"2023-01-20T18:09:04","guid":{"rendered":"https:\/\/stayfit.com.ar\/?post_type=product&#038;p=16447"},"modified":"2025-11-08T11:53:00","modified_gmt":"2025-11-08T14:53:00","slug":"shaker-landerland-750ml","status":"publish","type":"product","link":"https:\/\/stayfit.com.ar\/?product=shaker-landerland-750ml","title":{"rendered":"SHAKER LANDERFIT 750ML"},"content":{"rendered":"<p>DESCRIPCI\u00d3N:<br \/>\nPara mezclas sin grumos, presentamos el Vaso Batidor LANDERFIT. Un modelo ideal para aquellos productos en polvo que requieran de una excelente disoluci\u00f3n. G\u00e9nero: Unisex. Presenta en su interior un resorte rompe grumos. Capacidad m\u00e1xima: 750cc.<br \/>\nComposici\u00f3n: pl\u00e1stico<\/p>\n","protected":false},"excerpt":{"rendered":"<p>Vaso mezclador LANDERFIT &#8220;Somos los mejores&#8221; 750 ml.<\/p>\n","protected":false},"featured_media":16448,"template":"","meta":{"_monsterinsights_skip_tracking":false,"_monsterinsights_sitenote_active":false,"_monsterinsights_sitenote_note":"","_monsterinsights_sitenote_category":0},"product_brand":[],"product_cat":[160,205],"product_tag":[],"class_list":{"0":"post-16447","1":"product","2":"type-product","3":"status-publish","4":"has-post-thumbnail","6":"product_cat-shakers","7":"product_cat-landerfit","9":"first","10":"instock","11":"taxable","12":"shipping-taxable","13":"product-type-simple"},"_links":{"self":[{"href":"https:\/\/stayfit.com.ar\/index.php?rest_route=\/wp\/v2\/product\/16447","targetHints":{"allow":["GET"]}}],"collection":[{"href":"https:\/\/stayfit.com.ar\/index.php?rest_route=\/wp\/v2\/product"}],"about":[{"href":"https:\/\/stayfit.com.ar\/index.php?rest_route=\/wp\/v2\/types\/product"}],"wp:featuredmedia":[{"embeddable":true,"href":"https:\/\/stayfit.com.ar\/index.php?rest_route=\/wp\/v2\/media\/16448"}],"wp:attachment":[{"href":"https:\/\/stayfit.com.ar\/index.php?rest_route=%2Fwp%2Fv2%2Fmedia&parent=16447"}],"wp:term":[{"taxonomy":"product_brand","embeddable":true,"href":"https:\/\/stayfit.com.ar\/index.php?rest_route=%2Fwp%2Fv2%2Fproduct_brand&post=16447"},{"taxonomy":"product_cat","embeddable":true,"href":"https:\/\/stayfit.com.ar\/index.php?rest_route=%2Fwp%2Fv2%2Fproduct_cat&post=16447"},{"taxonomy":"product_tag","embeddable":true,"href":"https:\/\/stayfit.com.ar\/index.php?rest_route=%2Fwp%2Fv2%2Fproduct_tag&post=16447"}],"curies":[{"name":"wp","href":"https:\/\/api.w.org\/{rel}","templated":true}]}}